{"id":126665,"date":"2025-10-07T22:53:25","date_gmt":"2025-10-07T22:53:25","guid":{"rendered":"https:\/\/casafreitas.pt\/loja\/produto\/arvore-papel-vermelho-o30-x-40-cm\/"},"modified":"2025-10-24T07:19:36","modified_gmt":"2025-10-24T07:19:36","slug":"arvore-papel-vermelho-o30-x-40-cm","status":"publish","type":"product","link":"https:\/\/casafreitas.pt\/loja\/produto\/arvore-papel-vermelho-o30-x-40-cm\/","title":{"rendered":"\u00c1rvore de papel vermelho \u00f830 x 40 cm"},"content":{"rendered":"","protected":false},"excerpt":{"rendered":"<p>\u00c1rvore de papel vermelho \u00f830 x 40 cm<\/p>\n","protected":false},"featured_media":126664,"comment_status":"open","ping_status":"closed","template":"","meta":[],"product_brand":[],"product_cat":[17777,18006],"product_tag":[],"class_list":{"0":"post-126665","1":"product","2":"type-product","3":"status-publish","4":"has-post-thumbnail","6":"product_cat-arvores-diversos-sazonais","7":"product_cat-diversos-sazonais","9":"first","10":"instock","11":"taxable","12":"shipping-taxable","13":"purchasable","14":"product-type-simple"},"_links":{"self":[{"href":"https:\/\/casafreitas.pt\/loja\/wp-json\/wp\/v2\/product\/126665","targetHints":{"allow":["GET"]}}],"collection":[{"href":"https:\/\/casafreitas.pt\/loja\/wp-json\/wp\/v2\/product"}],"about":[{"href":"https:\/\/casafreitas.pt\/loja\/wp-json\/wp\/v2\/types\/product"}],"replies":[{"embeddable":true,"href":"https:\/\/casafreitas.pt\/loja\/wp-json\/wp\/v2\/comments?post=126665"}],"version-history":[{"count":1,"href":"https:\/\/casafreitas.pt\/loja\/wp-json\/wp\/v2\/product\/126665\/revisions"}],"predecessor-version":[{"id":126666,"href":"https:\/\/casafreitas.pt\/loja\/wp-json\/wp\/v2\/product\/126665\/revisions\/126666"}],"wp:featuredmedia":[{"embeddable":true,"href":"https:\/\/casafreitas.pt\/loja\/wp-json\/wp\/v2\/media\/126664"}],"wp:attachment":[{"href":"https:\/\/casafreitas.pt\/loja\/wp-json\/wp\/v2\/media?parent=126665"}],"wp:term":[{"taxonomy":"product_brand","embeddable":true,"href":"https:\/\/casafreitas.pt\/loja\/wp-json\/wp\/v2\/product_brand?post=126665"},{"taxonomy":"product_cat","embeddable":true,"href":"https:\/\/casafreitas.pt\/loja\/wp-json\/wp\/v2\/product_cat?post=126665"},{"taxonomy":"product_tag","embeddable":true,"href":"https:\/\/casafreitas.pt\/loja\/wp-json\/wp\/v2\/product_tag?post=126665"}],"curies":[{"name":"wp","href":"https:\/\/api.w.org\/{rel}","templated":true}]}}