{"id":126635,"date":"2025-10-07T22:48:48","date_gmt":"2025-10-07T22:48:48","guid":{"rendered":"https:\/\/casafreitas.pt\/loja\/produto\/pequenas-plantas-decoracao-natal-para-uso-interno-20-x-15-cm-3-pecas\/"},"modified":"2025-10-24T07:19:36","modified_gmt":"2025-10-24T07:19:36","slug":"pequenas-plantas-decoracao-natal-para-uso-interno-20-x-15-cm-3-pecas","status":"publish","type":"product","link":"https:\/\/casafreitas.pt\/loja\/produto\/pequenas-plantas-decoracao-natal-para-uso-interno-20-x-15-cm-3-pecas\/","title":{"rendered":"Pequenas plantas de decora\u00e7\u00e3o de natal para uso interno 20 x 15 cm, 3 pe\u00e7as"},"content":{"rendered":"","protected":false},"excerpt":{"rendered":"<p>Pequenas plantas de decora\u00e7\u00e3o de natal para uso interno 20 x 15 cm, 3 pe\u00e7as<\/p>\n","protected":false},"featured_media":126634,"comment_status":"open","ping_status":"closed","template":"","meta":[],"product_brand":[],"product_cat":[17786,18006],"product_tag":[],"class_list":{"0":"post-126635","1":"product","2":"type-product","3":"status-publish","4":"has-post-thumbnail","6":"product_cat-complementos-e-decoracao-de-natal-diversos-sazonais","7":"product_cat-diversos-sazonais","9":"first","10":"instock","11":"taxable","12":"shipping-taxable","13":"purchasable","14":"product-type-simple"},"_links":{"self":[{"href":"https:\/\/casafreitas.pt\/loja\/wp-json\/wp\/v2\/product\/126635","targetHints":{"allow":["GET"]}}],"collection":[{"href":"https:\/\/casafreitas.pt\/loja\/wp-json\/wp\/v2\/product"}],"about":[{"href":"https:\/\/casafreitas.pt\/loja\/wp-json\/wp\/v2\/types\/product"}],"replies":[{"embeddable":true,"href":"https:\/\/casafreitas.pt\/loja\/wp-json\/wp\/v2\/comments?post=126635"}],"version-history":[{"count":1,"href":"https:\/\/casafreitas.pt\/loja\/wp-json\/wp\/v2\/product\/126635\/revisions"}],"predecessor-version":[{"id":126636,"href":"https:\/\/casafreitas.pt\/loja\/wp-json\/wp\/v2\/product\/126635\/revisions\/126636"}],"wp:featuredmedia":[{"embeddable":true,"href":"https:\/\/casafreitas.pt\/loja\/wp-json\/wp\/v2\/media\/126634"}],"wp:attachment":[{"href":"https:\/\/casafreitas.pt\/loja\/wp-json\/wp\/v2\/media?parent=126635"}],"wp:term":[{"taxonomy":"product_brand","embeddable":true,"href":"https:\/\/casafreitas.pt\/loja\/wp-json\/wp\/v2\/product_brand?post=126635"},{"taxonomy":"product_cat","embeddable":true,"href":"https:\/\/casafreitas.pt\/loja\/wp-json\/wp\/v2\/product_cat?post=126635"},{"taxonomy":"product_tag","embeddable":true,"href":"https:\/\/casafreitas.pt\/loja\/wp-json\/wp\/v2\/product_tag?post=126635"}],"curies":[{"name":"wp","href":"https:\/\/api.w.org\/{rel}","templated":true}]}}