{"id":126596,"date":"2025-10-07T22:42:43","date_gmt":"2025-10-07T22:42:43","guid":{"rendered":"https:\/\/casafreitas.pt\/loja\/produto\/lacos-em-poliester-35-x-05-x-30-cm-cores-variadas\/"},"modified":"2025-10-24T07:19:35","modified_gmt":"2025-10-24T07:19:35","slug":"lacos-em-poliester-35-x-05-x-30-cm-cores-variadas","status":"publish","type":"product","link":"https:\/\/casafreitas.pt\/loja\/produto\/lacos-em-poliester-35-x-05-x-30-cm-cores-variadas\/","title":{"rendered":"La\u00e7os em poli\u00e9ster 35 x 0,5 x 30 cm, cores variadas"},"content":{"rendered":"","protected":false},"excerpt":{"rendered":"<p>La\u00e7os em poli\u00e9ster 35 x 0,5 x 30 cm, cores variadas<\/p>\n","protected":false},"featured_media":126595,"comment_status":"open","ping_status":"closed","template":"","meta":[],"product_brand":[],"product_cat":[17786,18006],"product_tag":[],"class_list":{"0":"post-126596","1":"product","2":"type-product","3":"status-publish","4":"has-post-thumbnail","6":"product_cat-complementos-e-decoracao-de-natal-diversos-sazonais","7":"product_cat-diversos-sazonais","9":"first","10":"instock","11":"taxable","12":"shipping-taxable","13":"purchasable","14":"product-type-simple"},"_links":{"self":[{"href":"https:\/\/casafreitas.pt\/loja\/wp-json\/wp\/v2\/product\/126596","targetHints":{"allow":["GET"]}}],"collection":[{"href":"https:\/\/casafreitas.pt\/loja\/wp-json\/wp\/v2\/product"}],"about":[{"href":"https:\/\/casafreitas.pt\/loja\/wp-json\/wp\/v2\/types\/product"}],"replies":[{"embeddable":true,"href":"https:\/\/casafreitas.pt\/loja\/wp-json\/wp\/v2\/comments?post=126596"}],"version-history":[{"count":1,"href":"https:\/\/casafreitas.pt\/loja\/wp-json\/wp\/v2\/product\/126596\/revisions"}],"predecessor-version":[{"id":126597,"href":"https:\/\/casafreitas.pt\/loja\/wp-json\/wp\/v2\/product\/126596\/revisions\/126597"}],"wp:featuredmedia":[{"embeddable":true,"href":"https:\/\/casafreitas.pt\/loja\/wp-json\/wp\/v2\/media\/126595"}],"wp:attachment":[{"href":"https:\/\/casafreitas.pt\/loja\/wp-json\/wp\/v2\/media?parent=126596"}],"wp:term":[{"taxonomy":"product_brand","embeddable":true,"href":"https:\/\/casafreitas.pt\/loja\/wp-json\/wp\/v2\/product_brand?post=126596"},{"taxonomy":"product_cat","embeddable":true,"href":"https:\/\/casafreitas.pt\/loja\/wp-json\/wp\/v2\/product_cat?post=126596"},{"taxonomy":"product_tag","embeddable":true,"href":"https:\/\/casafreitas.pt\/loja\/wp-json\/wp\/v2\/product_tag?post=126596"}],"curies":[{"name":"wp","href":"https:\/\/api.w.org\/{rel}","templated":true}]}}