{"id":126524,"date":"2025-10-07T22:31:28","date_gmt":"2025-10-07T22:31:28","guid":{"rendered":"https:\/\/casafreitas.pt\/loja\/produto\/arvore-iluminada-exterior-160-leds-branco-quente-o70-cm-x-180-m\/"},"modified":"2025-10-24T07:19:32","modified_gmt":"2025-10-24T07:19:32","slug":"arvore-iluminada-exterior-160-leds-branco-quente-o70-cm-x-180-m","status":"publish","type":"product","link":"https:\/\/casafreitas.pt\/loja\/produto\/arvore-iluminada-exterior-160-leds-branco-quente-o70-cm-x-180-m\/","title":{"rendered":"\u00c1rvore iluminada exterior 160 leds branco quente \u00f870 cm x 1,80 m"},"content":{"rendered":"","protected":false},"excerpt":{"rendered":"<p>\u00c1rvore iluminada com 160 leds, branco quente, 220 &#8211; 240 v 50\/60 hz, ip44, adaptador ce, cabo de alimenta\u00e7\u00e3o de 5 m, preta, com temporizador: 8 h ligado \/ 16 h desligado, para uso: interior e exterior. \u00f870 cm x 1,80 m<\/p>\n","protected":false},"featured_media":126523,"comment_status":"open","ping_status":"closed","template":"","meta":[],"product_brand":[],"product_cat":[17778,18006],"product_tag":[],"class_list":{"0":"post-126524","1":"product","2":"type-product","3":"status-publish","4":"has-post-thumbnail","6":"product_cat-arvores-iluminadas-diversos-sazonais","7":"product_cat-diversos-sazonais","9":"first","10":"instock","11":"taxable","12":"shipping-taxable","13":"purchasable","14":"product-type-simple"},"_links":{"self":[{"href":"https:\/\/casafreitas.pt\/loja\/wp-json\/wp\/v2\/product\/126524","targetHints":{"allow":["GET"]}}],"collection":[{"href":"https:\/\/casafreitas.pt\/loja\/wp-json\/wp\/v2\/product"}],"about":[{"href":"https:\/\/casafreitas.pt\/loja\/wp-json\/wp\/v2\/types\/product"}],"replies":[{"embeddable":true,"href":"https:\/\/casafreitas.pt\/loja\/wp-json\/wp\/v2\/comments?post=126524"}],"version-history":[{"count":1,"href":"https:\/\/casafreitas.pt\/loja\/wp-json\/wp\/v2\/product\/126524\/revisions"}],"predecessor-version":[{"id":126525,"href":"https:\/\/casafreitas.pt\/loja\/wp-json\/wp\/v2\/product\/126524\/revisions\/126525"}],"wp:featuredmedia":[{"embeddable":true,"href":"https:\/\/casafreitas.pt\/loja\/wp-json\/wp\/v2\/media\/126523"}],"wp:attachment":[{"href":"https:\/\/casafreitas.pt\/loja\/wp-json\/wp\/v2\/media?parent=126524"}],"wp:term":[{"taxonomy":"product_brand","embeddable":true,"href":"https:\/\/casafreitas.pt\/loja\/wp-json\/wp\/v2\/product_brand?post=126524"},{"taxonomy":"product_cat","embeddable":true,"href":"https:\/\/casafreitas.pt\/loja\/wp-json\/wp\/v2\/product_cat?post=126524"},{"taxonomy":"product_tag","embeddable":true,"href":"https:\/\/casafreitas.pt\/loja\/wp-json\/wp\/v2\/product_tag?post=126524"}],"curies":[{"name":"wp","href":"https:\/\/api.w.org\/{rel}","templated":true}]}}