{"id":126485,"date":"2025-10-07T22:25:24","date_gmt":"2025-10-07T22:25:24","guid":{"rendered":"https:\/\/casafreitas.pt\/loja\/produto\/figura-arvore-branca-papel-led-o42-x-48-cm\/"},"modified":"2025-10-24T07:19:32","modified_gmt":"2025-10-24T07:19:32","slug":"figura-arvore-branca-papel-led-o42-x-48-cm","status":"publish","type":"product","link":"https:\/\/casafreitas.pt\/loja\/produto\/figura-arvore-branca-papel-led-o42-x-48-cm\/","title":{"rendered":"Figura de \u00e1rvore branca de papel led \u00f842 x 48 cm"},"content":{"rendered":"","protected":false},"excerpt":{"rendered":"<p>Figura de \u00e1rvore branca de papel led. cor do led: luz quente. material: papel.fsc mix 100%. fun\u00e7\u00f5es: fixas. utiliza\u00e7\u00e3o: interno. tipo de pilha: aa. medidas: \u00f842 x 48 cm<\/p>\n","protected":false},"featured_media":126484,"comment_status":"open","ping_status":"closed","template":"","meta":[],"product_brand":[],"product_cat":[17777,18006],"product_tag":[],"class_list":{"0":"post-126485","1":"product","2":"type-product","3":"status-publish","4":"has-post-thumbnail","6":"product_cat-arvores-diversos-sazonais","7":"product_cat-diversos-sazonais","9":"first","10":"instock","11":"taxable","12":"shipping-taxable","13":"purchasable","14":"product-type-simple"},"_links":{"self":[{"href":"https:\/\/casafreitas.pt\/loja\/wp-json\/wp\/v2\/product\/126485","targetHints":{"allow":["GET"]}}],"collection":[{"href":"https:\/\/casafreitas.pt\/loja\/wp-json\/wp\/v2\/product"}],"about":[{"href":"https:\/\/casafreitas.pt\/loja\/wp-json\/wp\/v2\/types\/product"}],"replies":[{"embeddable":true,"href":"https:\/\/casafreitas.pt\/loja\/wp-json\/wp\/v2\/comments?post=126485"}],"version-history":[{"count":1,"href":"https:\/\/casafreitas.pt\/loja\/wp-json\/wp\/v2\/product\/126485\/revisions"}],"predecessor-version":[{"id":126486,"href":"https:\/\/casafreitas.pt\/loja\/wp-json\/wp\/v2\/product\/126485\/revisions\/126486"}],"wp:featuredmedia":[{"embeddable":true,"href":"https:\/\/casafreitas.pt\/loja\/wp-json\/wp\/v2\/media\/126484"}],"wp:attachment":[{"href":"https:\/\/casafreitas.pt\/loja\/wp-json\/wp\/v2\/media?parent=126485"}],"wp:term":[{"taxonomy":"product_brand","embeddable":true,"href":"https:\/\/casafreitas.pt\/loja\/wp-json\/wp\/v2\/product_brand?post=126485"},{"taxonomy":"product_cat","embeddable":true,"href":"https:\/\/casafreitas.pt\/loja\/wp-json\/wp\/v2\/product_cat?post=126485"},{"taxonomy":"product_tag","embeddable":true,"href":"https:\/\/casafreitas.pt\/loja\/wp-json\/wp\/v2\/product_tag?post=126485"}],"curies":[{"name":"wp","href":"https:\/\/api.w.org\/{rel}","templated":true}]}}