{"id":126470,"date":"2025-10-07T22:23:05","date_gmt":"2025-10-07T22:23:05","guid":{"rendered":"https:\/\/casafreitas.pt\/loja\/produto\/vela-cera-led-branca-o7-cm-com-diferentes-alturas-3-unidades\/"},"modified":"2025-10-31T22:21:31","modified_gmt":"2025-10-31T22:21:31","slug":"vela-cera-led-branca-o7-cm-com-diferentes-alturas-3-unidades","status":"publish","type":"product","link":"https:\/\/casafreitas.pt\/loja\/produto\/vela-cera-led-branca-o7-cm-com-diferentes-alturas-3-unidades\/","title":{"rendered":"Vela de cera led branca \u00f87 cm com diferentes alturas, 3 unidades"},"content":{"rendered":"","protected":false},"excerpt":{"rendered":"<p>Vela de cera led branca \u00f87 cm com diferentes alturas, 3 unid. dimens\u00f5es: \u00f87,00 x 11,2 cm; \u00f87,00 x 15 cm; \u00f87,00 x 19 cm. fun\u00e7\u00e3o: est\u00e1vel; utiliza\u00e7\u00e3o: interna; cor do led: luz quente; tipo: pilha aaa; opera\u00e7\u00e3o por controlo remoto<\/p>\n","protected":false},"featured_media":126469,"comment_status":"open","ping_status":"closed","template":"","meta":[],"product_brand":[],"product_cat":[17817,18006],"product_tag":[],"class_list":{"0":"post-126470","1":"product","2":"type-product","3":"status-publish","4":"has-post-thumbnail","6":"product_cat-velas-casticais-lanternas-diversos-sazonais","7":"product_cat-diversos-sazonais","9":"first","10":"instock","11":"taxable","12":"shipping-taxable","13":"purchasable","14":"product-type-simple"},"_links":{"self":[{"href":"https:\/\/casafreitas.pt\/loja\/wp-json\/wp\/v2\/product\/126470","targetHints":{"allow":["GET"]}}],"collection":[{"href":"https:\/\/casafreitas.pt\/loja\/wp-json\/wp\/v2\/product"}],"about":[{"href":"https:\/\/casafreitas.pt\/loja\/wp-json\/wp\/v2\/types\/product"}],"replies":[{"embeddable":true,"href":"https:\/\/casafreitas.pt\/loja\/wp-json\/wp\/v2\/comments?post=126470"}],"version-history":[{"count":1,"href":"https:\/\/casafreitas.pt\/loja\/wp-json\/wp\/v2\/product\/126470\/revisions"}],"predecessor-version":[{"id":126471,"href":"https:\/\/casafreitas.pt\/loja\/wp-json\/wp\/v2\/product\/126470\/revisions\/126471"}],"wp:featuredmedia":[{"embeddable":true,"href":"https:\/\/casafreitas.pt\/loja\/wp-json\/wp\/v2\/media\/126469"}],"wp:attachment":[{"href":"https:\/\/casafreitas.pt\/loja\/wp-json\/wp\/v2\/media?parent=126470"}],"wp:term":[{"taxonomy":"product_brand","embeddable":true,"href":"https:\/\/casafreitas.pt\/loja\/wp-json\/wp\/v2\/product_brand?post=126470"},{"taxonomy":"product_cat","embeddable":true,"href":"https:\/\/casafreitas.pt\/loja\/wp-json\/wp\/v2\/product_cat?post=126470"},{"taxonomy":"product_tag","embeddable":true,"href":"https:\/\/casafreitas.pt\/loja\/wp-json\/wp\/v2\/product_tag?post=126470"}],"curies":[{"name":"wp","href":"https:\/\/api.w.org\/{rel}","templated":true}]}}