{"id":126437,"date":"2025-10-07T22:17:59","date_gmt":"2025-10-07T22:17:59","guid":{"rendered":"https:\/\/casafreitas.pt\/loja\/produto\/vela-cera-led-verde-o220-x-2450-cm-pack-2-unidades\/"},"modified":"2025-10-24T07:19:31","modified_gmt":"2025-10-24T07:19:31","slug":"vela-cera-led-verde-o220-x-2450-cm-pack-2-unidades","status":"publish","type":"product","link":"https:\/\/casafreitas.pt\/loja\/produto\/vela-cera-led-verde-o220-x-2450-cm-pack-2-unidades\/","title":{"rendered":"Vela de cera led verde \u00f82,20 x 24,50 cm. pack 2 unidades"},"content":{"rendered":"","protected":false},"excerpt":{"rendered":"<p>Vela led em cera com efeito chama, cor verde, superf\u00edcie lisa, dimens\u00f5es: \u00f8 2,20 x 24,50 cm. cor do led: luz quente, funciona com 2 pilhas aaa (n\u00e3o inclu\u00eddas), utiliza\u00e7\u00e3o: interior, com temporizador de 6 horas e desligar autom\u00e1tico de 18 horas. pack 2 unidades<\/p>\n","protected":false},"featured_media":126436,"comment_status":"open","ping_status":"closed","template":"","meta":[],"product_brand":[],"product_cat":[17817,18006],"product_tag":[],"class_list":{"0":"post-126437","1":"product","2":"type-product","3":"status-publish","4":"has-post-thumbnail","6":"product_cat-velas-casticais-lanternas-diversos-sazonais","7":"product_cat-diversos-sazonais","9":"first","10":"instock","11":"taxable","12":"shipping-taxable","13":"purchasable","14":"product-type-simple"},"_links":{"self":[{"href":"https:\/\/casafreitas.pt\/loja\/wp-json\/wp\/v2\/product\/126437","targetHints":{"allow":["GET"]}}],"collection":[{"href":"https:\/\/casafreitas.pt\/loja\/wp-json\/wp\/v2\/product"}],"about":[{"href":"https:\/\/casafreitas.pt\/loja\/wp-json\/wp\/v2\/types\/product"}],"replies":[{"embeddable":true,"href":"https:\/\/casafreitas.pt\/loja\/wp-json\/wp\/v2\/comments?post=126437"}],"version-history":[{"count":1,"href":"https:\/\/casafreitas.pt\/loja\/wp-json\/wp\/v2\/product\/126437\/revisions"}],"predecessor-version":[{"id":126438,"href":"https:\/\/casafreitas.pt\/loja\/wp-json\/wp\/v2\/product\/126437\/revisions\/126438"}],"wp:featuredmedia":[{"embeddable":true,"href":"https:\/\/casafreitas.pt\/loja\/wp-json\/wp\/v2\/media\/126436"}],"wp:attachment":[{"href":"https:\/\/casafreitas.pt\/loja\/wp-json\/wp\/v2\/media?parent=126437"}],"wp:term":[{"taxonomy":"product_brand","embeddable":true,"href":"https:\/\/casafreitas.pt\/loja\/wp-json\/wp\/v2\/product_brand?post=126437"},{"taxonomy":"product_cat","embeddable":true,"href":"https:\/\/casafreitas.pt\/loja\/wp-json\/wp\/v2\/product_cat?post=126437"},{"taxonomy":"product_tag","embeddable":true,"href":"https:\/\/casafreitas.pt\/loja\/wp-json\/wp\/v2\/product_tag?post=126437"}],"curies":[{"name":"wp","href":"https:\/\/api.w.org\/{rel}","templated":true}]}}