{"id":126413,"date":"2025-10-07T22:12:03","date_gmt":"2025-10-07T22:12:03","guid":{"rendered":"https:\/\/casafreitas.pt\/loja\/produto\/cortina-red-easy-connect-90-leds-branco-frio-30v-total-162w-ip44-2x15m\/"},"modified":"2025-10-24T07:19:00","modified_gmt":"2025-10-24T07:19:00","slug":"cortina-red-easy-connect-90-leds-branco-frio-30v-total-162w-ip44-2x15m","status":"publish","type":"product","link":"https:\/\/casafreitas.pt\/loja\/produto\/cortina-red-easy-connect-90-leds-branco-frio-30v-total-162w-ip44-2x15m\/","title":{"rendered":"Cortina red easy-connect 90 leds branco frio 30v total 1,62w ip44 2&#215;1,5m"},"content":{"rendered":"","protected":false},"excerpt":{"rendered":"<p>Cortina red easy-connect 90 leds branco frio 30v total 1,62w, para exterior ip44, 2&#215;1,5m. cabo verde, n\u00b0 m\u00e1x. de liga\u00e7\u00f5es entre cortinas 13, n\u00e3o inclui transformador, este pode ser adquirido segundo as suas necessidades: cortina fixa ou multifun\u00e7\u00f5es. total 1,62w<\/p>\n","protected":false},"featured_media":126412,"comment_status":"open","ping_status":"closed","template":"","meta":[],"product_brand":[],"product_cat":[17816,18006],"product_tag":[],"class_list":{"0":"post-126413","1":"product","2":"type-product","3":"status-publish","4":"has-post-thumbnail","6":"product_cat-tipo-easy-connect-diversos-sazonais","7":"product_cat-diversos-sazonais","9":"first","10":"instock","11":"taxable","12":"shipping-taxable","13":"purchasable","14":"product-type-simple"},"_links":{"self":[{"href":"https:\/\/casafreitas.pt\/loja\/wp-json\/wp\/v2\/product\/126413","targetHints":{"allow":["GET"]}}],"collection":[{"href":"https:\/\/casafreitas.pt\/loja\/wp-json\/wp\/v2\/product"}],"about":[{"href":"https:\/\/casafreitas.pt\/loja\/wp-json\/wp\/v2\/types\/product"}],"replies":[{"embeddable":true,"href":"https:\/\/casafreitas.pt\/loja\/wp-json\/wp\/v2\/comments?post=126413"}],"version-history":[{"count":1,"href":"https:\/\/casafreitas.pt\/loja\/wp-json\/wp\/v2\/product\/126413\/revisions"}],"predecessor-version":[{"id":126414,"href":"https:\/\/casafreitas.pt\/loja\/wp-json\/wp\/v2\/product\/126413\/revisions\/126414"}],"wp:featuredmedia":[{"embeddable":true,"href":"https:\/\/casafreitas.pt\/loja\/wp-json\/wp\/v2\/media\/126412"}],"wp:attachment":[{"href":"https:\/\/casafreitas.pt\/loja\/wp-json\/wp\/v2\/media?parent=126413"}],"wp:term":[{"taxonomy":"product_brand","embeddable":true,"href":"https:\/\/casafreitas.pt\/loja\/wp-json\/wp\/v2\/product_brand?post=126413"},{"taxonomy":"product_cat","embeddable":true,"href":"https:\/\/casafreitas.pt\/loja\/wp-json\/wp\/v2\/product_cat?post=126413"},{"taxonomy":"product_tag","embeddable":true,"href":"https:\/\/casafreitas.pt\/loja\/wp-json\/wp\/v2\/product_tag?post=126413"}],"curies":[{"name":"wp","href":"https:\/\/api.w.org\/{rel}","templated":true}]}}