{"id":126401,"date":"2025-10-07T22:10:12","date_gmt":"2025-10-07T22:10:12","guid":{"rendered":"https:\/\/casafreitas.pt\/loja\/produto\/cortina-led-easy-connect-10-tiras-200-leds-branco-frio-ip44-2x2m\/"},"modified":"2025-10-24T07:18:59","modified_gmt":"2025-10-24T07:18:59","slug":"cortina-led-easy-connect-10-tiras-200-leds-branco-frio-ip44-2x2m","status":"publish","type":"product","link":"https:\/\/casafreitas.pt\/loja\/produto\/cortina-led-easy-connect-10-tiras-200-leds-branco-frio-ip44-2x2m\/","title":{"rendered":"Cortina led easy-connect 10 tiras 200 leds branco frio ip44 2x2m"},"content":{"rendered":"","protected":false},"excerpt":{"rendered":"<p>Cortina led easy-connect 10 tiras 200 leds branco frio, 30v, 3,2w, para exterior ip44. cabo verde. n\u00famero m\u00e1ximo de conex\u00f5es entre cortinas 6. transformador n\u00e3o inclu\u00eddo, pode ser adquirido segundo as suas necessidades : uma cortina fixa ou multifun\u00e7\u00f5es<\/p>\n","protected":false},"featured_media":126400,"comment_status":"open","ping_status":"closed","template":"","meta":[],"product_brand":[],"product_cat":[17816,18006],"product_tag":[],"class_list":{"0":"post-126401","1":"product","2":"type-product","3":"status-publish","4":"has-post-thumbnail","6":"product_cat-tipo-easy-connect-diversos-sazonais","7":"product_cat-diversos-sazonais","9":"first","10":"instock","11":"taxable","12":"shipping-taxable","13":"purchasable","14":"product-type-simple"},"_links":{"self":[{"href":"https:\/\/casafreitas.pt\/loja\/wp-json\/wp\/v2\/product\/126401","targetHints":{"allow":["GET"]}}],"collection":[{"href":"https:\/\/casafreitas.pt\/loja\/wp-json\/wp\/v2\/product"}],"about":[{"href":"https:\/\/casafreitas.pt\/loja\/wp-json\/wp\/v2\/types\/product"}],"replies":[{"embeddable":true,"href":"https:\/\/casafreitas.pt\/loja\/wp-json\/wp\/v2\/comments?post=126401"}],"version-history":[{"count":1,"href":"https:\/\/casafreitas.pt\/loja\/wp-json\/wp\/v2\/product\/126401\/revisions"}],"predecessor-version":[{"id":126402,"href":"https:\/\/casafreitas.pt\/loja\/wp-json\/wp\/v2\/product\/126401\/revisions\/126402"}],"wp:featuredmedia":[{"embeddable":true,"href":"https:\/\/casafreitas.pt\/loja\/wp-json\/wp\/v2\/media\/126400"}],"wp:attachment":[{"href":"https:\/\/casafreitas.pt\/loja\/wp-json\/wp\/v2\/media?parent=126401"}],"wp:term":[{"taxonomy":"product_brand","embeddable":true,"href":"https:\/\/casafreitas.pt\/loja\/wp-json\/wp\/v2\/product_brand?post=126401"},{"taxonomy":"product_cat","embeddable":true,"href":"https:\/\/casafreitas.pt\/loja\/wp-json\/wp\/v2\/product_cat?post=126401"},{"taxonomy":"product_tag","embeddable":true,"href":"https:\/\/casafreitas.pt\/loja\/wp-json\/wp\/v2\/product_tag?post=126401"}],"curies":[{"name":"wp","href":"https:\/\/api.w.org\/{rel}","templated":true}]}}