{"id":126392,"date":"2025-10-07T22:08:48","date_gmt":"2025-10-07T22:08:48","guid":{"rendered":"https:\/\/casafreitas.pt\/loja\/produto\/cortina-para-varanda-220-leds-branco-quente-ip44-2x1m\/"},"modified":"2025-10-24T07:18:59","modified_gmt":"2025-10-24T07:18:59","slug":"cortina-para-varanda-220-leds-branco-quente-ip44-2x1m","status":"publish","type":"product","link":"https:\/\/casafreitas.pt\/loja\/produto\/cortina-para-varanda-220-leds-branco-quente-ip44-2x1m\/","title":{"rendered":"Cortina para varanda 220 leds branco quente ip44 2x1m"},"content":{"rendered":"","protected":false},"excerpt":{"rendered":"<p>Cortina para varanda 220 leds branco quente ip44 2x1m (largura\/altura).para exterior ip44. cabo transparente de 5m. 5 velocidades. 11 tiras. dist\u00e2ncia entre as tiras 20cm. dist\u00e2ncia entre l\u00e2mpadas 5cm. l\u00e2mpadas n\u00e3o substitu\u00edveis<\/p>\n","protected":false},"featured_media":126391,"comment_status":"open","ping_status":"closed","template":"","meta":[],"product_brand":[],"product_cat":[17788,18006],"product_tag":[],"class_list":{"0":"post-126392","1":"product","2":"type-product","3":"status-publish","4":"has-post-thumbnail","6":"product_cat-cortinas-flash-intermitentes-icicle-diversos-sazonais","7":"product_cat-diversos-sazonais","9":"first","10":"instock","11":"taxable","12":"shipping-taxable","13":"purchasable","14":"product-type-simple"},"_links":{"self":[{"href":"https:\/\/casafreitas.pt\/loja\/wp-json\/wp\/v2\/product\/126392","targetHints":{"allow":["GET"]}}],"collection":[{"href":"https:\/\/casafreitas.pt\/loja\/wp-json\/wp\/v2\/product"}],"about":[{"href":"https:\/\/casafreitas.pt\/loja\/wp-json\/wp\/v2\/types\/product"}],"replies":[{"embeddable":true,"href":"https:\/\/casafreitas.pt\/loja\/wp-json\/wp\/v2\/comments?post=126392"}],"version-history":[{"count":1,"href":"https:\/\/casafreitas.pt\/loja\/wp-json\/wp\/v2\/product\/126392\/revisions"}],"predecessor-version":[{"id":126393,"href":"https:\/\/casafreitas.pt\/loja\/wp-json\/wp\/v2\/product\/126392\/revisions\/126393"}],"wp:featuredmedia":[{"embeddable":true,"href":"https:\/\/casafreitas.pt\/loja\/wp-json\/wp\/v2\/media\/126391"}],"wp:attachment":[{"href":"https:\/\/casafreitas.pt\/loja\/wp-json\/wp\/v2\/media?parent=126392"}],"wp:term":[{"taxonomy":"product_brand","embeddable":true,"href":"https:\/\/casafreitas.pt\/loja\/wp-json\/wp\/v2\/product_brand?post=126392"},{"taxonomy":"product_cat","embeddable":true,"href":"https:\/\/casafreitas.pt\/loja\/wp-json\/wp\/v2\/product_cat?post=126392"},{"taxonomy":"product_tag","embeddable":true,"href":"https:\/\/casafreitas.pt\/loja\/wp-json\/wp\/v2\/product_tag?post=126392"}],"curies":[{"name":"wp","href":"https:\/\/api.w.org\/{rel}","templated":true}]}}