{"id":126389,"date":"2025-10-07T22:08:19","date_gmt":"2025-10-07T22:08:19","guid":{"rendered":"https:\/\/casafreitas.pt\/loja\/produto\/cortina-led-para-varandas-200-leds-branco-frio-ip44-2x1m-lumineo\/"},"modified":"2025-10-24T07:18:59","modified_gmt":"2025-10-24T07:18:59","slug":"cortina-led-para-varandas-200-leds-branco-frio-ip44-2x1m-lumineo","status":"publish","type":"product","link":"https:\/\/casafreitas.pt\/loja\/produto\/cortina-led-para-varandas-200-leds-branco-frio-ip44-2x1m-lumineo\/","title":{"rendered":"Cortina led para varandas 200 leds branco frio ip44 2x1m lumineo"},"content":{"rendered":"","protected":false},"excerpt":{"rendered":"<p>Cortina led para varandas, efeito nevado, 200 leds branco frio, 220v 3,6w, para exterior ip44, 2x1m, 10 tiras. dist\u00e2ncia entre tiras 22,2cm, cabo de alimenta\u00e7\u00e3o transparente de 5m, com temporizador 8h on e 16h off. lumineo<\/p>\n","protected":false},"featured_media":126388,"comment_status":"open","ping_status":"closed","template":"","meta":[],"product_brand":[],"product_cat":[17788,18006],"product_tag":[],"class_list":{"0":"post-126389","1":"product","2":"type-product","3":"status-publish","4":"has-post-thumbnail","6":"product_cat-cortinas-flash-intermitentes-icicle-diversos-sazonais","7":"product_cat-diversos-sazonais","9":"first","10":"instock","11":"taxable","12":"shipping-taxable","13":"purchasable","14":"product-type-simple"},"_links":{"self":[{"href":"https:\/\/casafreitas.pt\/loja\/wp-json\/wp\/v2\/product\/126389","targetHints":{"allow":["GET"]}}],"collection":[{"href":"https:\/\/casafreitas.pt\/loja\/wp-json\/wp\/v2\/product"}],"about":[{"href":"https:\/\/casafreitas.pt\/loja\/wp-json\/wp\/v2\/types\/product"}],"replies":[{"embeddable":true,"href":"https:\/\/casafreitas.pt\/loja\/wp-json\/wp\/v2\/comments?post=126389"}],"version-history":[{"count":1,"href":"https:\/\/casafreitas.pt\/loja\/wp-json\/wp\/v2\/product\/126389\/revisions"}],"predecessor-version":[{"id":126390,"href":"https:\/\/casafreitas.pt\/loja\/wp-json\/wp\/v2\/product\/126389\/revisions\/126390"}],"wp:featuredmedia":[{"embeddable":true,"href":"https:\/\/casafreitas.pt\/loja\/wp-json\/wp\/v2\/media\/126388"}],"wp:attachment":[{"href":"https:\/\/casafreitas.pt\/loja\/wp-json\/wp\/v2\/media?parent=126389"}],"wp:term":[{"taxonomy":"product_brand","embeddable":true,"href":"https:\/\/casafreitas.pt\/loja\/wp-json\/wp\/v2\/product_brand?post=126389"},{"taxonomy":"product_cat","embeddable":true,"href":"https:\/\/casafreitas.pt\/loja\/wp-json\/wp\/v2\/product_cat?post=126389"},{"taxonomy":"product_tag","embeddable":true,"href":"https:\/\/casafreitas.pt\/loja\/wp-json\/wp\/v2\/product_tag?post=126389"}],"curies":[{"name":"wp","href":"https:\/\/api.w.org\/{rel}","templated":true}]}}