{"id":126318,"date":"2025-10-07T21:48:20","date_gmt":"2025-10-07T21:48:20","guid":{"rendered":"https:\/\/casafreitas.pt\/loja\/produto\/vela-cera-led-vermelha-superficie-rustica-o7-x-12-cm\/"},"modified":"2025-10-24T07:19:30","modified_gmt":"2025-10-24T07:19:30","slug":"vela-cera-led-vermelha-superficie-rustica-o7-x-12-cm","status":"publish","type":"product","link":"https:\/\/casafreitas.pt\/loja\/produto\/vela-cera-led-vermelha-superficie-rustica-o7-x-12-cm\/","title":{"rendered":"Vela de cera led vermelha, superf\u00edcie r\u00fastica, \u00f87 x 12 cm"},"content":{"rendered":"","protected":false},"excerpt":{"rendered":"<p>Vela de cera led com efeito de chama, vermelha, superf\u00edcie r\u00fastica, dimens\u00f5es: \u00f87 x 12 cm. utiliza\u00e7\u00e3o: interno. cor do led: luz quente; com temporizador: 6 h ligado\/18 h desligado; dura\u00e7\u00e3o da pilha: 250 h; funciona com pilhas: 2 x aaa (n\u00e3o inclu\u00eddas)<\/p>\n","protected":false},"featured_media":126317,"comment_status":"open","ping_status":"closed","template":"","meta":[],"product_brand":[],"product_cat":[17817,18006],"product_tag":[],"class_list":{"0":"post-126318","1":"product","2":"type-product","3":"status-publish","4":"has-post-thumbnail","6":"product_cat-velas-casticais-lanternas-diversos-sazonais","7":"product_cat-diversos-sazonais","9":"first","10":"instock","11":"taxable","12":"shipping-taxable","13":"purchasable","14":"product-type-simple"},"_links":{"self":[{"href":"https:\/\/casafreitas.pt\/loja\/wp-json\/wp\/v2\/product\/126318","targetHints":{"allow":["GET"]}}],"collection":[{"href":"https:\/\/casafreitas.pt\/loja\/wp-json\/wp\/v2\/product"}],"about":[{"href":"https:\/\/casafreitas.pt\/loja\/wp-json\/wp\/v2\/types\/product"}],"replies":[{"embeddable":true,"href":"https:\/\/casafreitas.pt\/loja\/wp-json\/wp\/v2\/comments?post=126318"}],"version-history":[{"count":1,"href":"https:\/\/casafreitas.pt\/loja\/wp-json\/wp\/v2\/product\/126318\/revisions"}],"predecessor-version":[{"id":126319,"href":"https:\/\/casafreitas.pt\/loja\/wp-json\/wp\/v2\/product\/126318\/revisions\/126319"}],"wp:featuredmedia":[{"embeddable":true,"href":"https:\/\/casafreitas.pt\/loja\/wp-json\/wp\/v2\/media\/126317"}],"wp:attachment":[{"href":"https:\/\/casafreitas.pt\/loja\/wp-json\/wp\/v2\/media?parent=126318"}],"wp:term":[{"taxonomy":"product_brand","embeddable":true,"href":"https:\/\/casafreitas.pt\/loja\/wp-json\/wp\/v2\/product_brand?post=126318"},{"taxonomy":"product_cat","embeddable":true,"href":"https:\/\/casafreitas.pt\/loja\/wp-json\/wp\/v2\/product_cat?post=126318"},{"taxonomy":"product_tag","embeddable":true,"href":"https:\/\/casafreitas.pt\/loja\/wp-json\/wp\/v2\/product_tag?post=126318"}],"curies":[{"name":"wp","href":"https:\/\/api.w.org\/{rel}","templated":true}]}}