{"id":126168,"date":"2025-10-07T21:24:08","date_gmt":"2025-10-07T21:24:08","guid":{"rendered":"https:\/\/casafreitas.pt\/loja\/produto\/grinalda-imperial-nevada-intermitente-50-leds-branco-quente\/"},"modified":"2025-10-24T07:19:26","modified_gmt":"2025-10-24T07:19:26","slug":"grinalda-imperial-nevada-intermitente-50-leds-branco-quente","status":"publish","type":"product","link":"https:\/\/casafreitas.pt\/loja\/produto\/grinalda-imperial-nevada-intermitente-50-leds-branco-quente\/","title":{"rendered":"Grinalda imperial nevada, intermitente, 50 leds, branco quente"},"content":{"rendered":"","protected":false},"excerpt":{"rendered":"<p>Grinalda imperial nevada, intermitente, 50 leds, 270x12cm, branco quente, 3 pilhas aa (n\u00e3o inclu\u00eddas), para exterior, 8 fun\u00e7\u00f5es, cabo verde, dist\u00e2ncia entre leds 12,5cm, cabo de alimenta\u00e7\u00e3o verde 30cm, comprimento total 6,1m, autonomia aprox. 38h<\/p>\n","protected":false},"featured_media":126167,"comment_status":"open","ping_status":"closed","template":"","meta":[],"product_brand":[],"product_cat":[17786,18006],"product_tag":[],"class_list":{"0":"post-126168","1":"product","2":"type-product","3":"status-publish","4":"has-post-thumbnail","6":"product_cat-complementos-e-decoracao-de-natal-diversos-sazonais","7":"product_cat-diversos-sazonais","9":"first","10":"instock","11":"taxable","12":"shipping-taxable","13":"purchasable","14":"product-type-simple"},"_links":{"self":[{"href":"https:\/\/casafreitas.pt\/loja\/wp-json\/wp\/v2\/product\/126168","targetHints":{"allow":["GET"]}}],"collection":[{"href":"https:\/\/casafreitas.pt\/loja\/wp-json\/wp\/v2\/product"}],"about":[{"href":"https:\/\/casafreitas.pt\/loja\/wp-json\/wp\/v2\/types\/product"}],"replies":[{"embeddable":true,"href":"https:\/\/casafreitas.pt\/loja\/wp-json\/wp\/v2\/comments?post=126168"}],"version-history":[{"count":1,"href":"https:\/\/casafreitas.pt\/loja\/wp-json\/wp\/v2\/product\/126168\/revisions"}],"predecessor-version":[{"id":126169,"href":"https:\/\/casafreitas.pt\/loja\/wp-json\/wp\/v2\/product\/126168\/revisions\/126169"}],"wp:featuredmedia":[{"embeddable":true,"href":"https:\/\/casafreitas.pt\/loja\/wp-json\/wp\/v2\/media\/126167"}],"wp:attachment":[{"href":"https:\/\/casafreitas.pt\/loja\/wp-json\/wp\/v2\/media?parent=126168"}],"wp:term":[{"taxonomy":"product_brand","embeddable":true,"href":"https:\/\/casafreitas.pt\/loja\/wp-json\/wp\/v2\/product_brand?post=126168"},{"taxonomy":"product_cat","embeddable":true,"href":"https:\/\/casafreitas.pt\/loja\/wp-json\/wp\/v2\/product_cat?post=126168"},{"taxonomy":"product_tag","embeddable":true,"href":"https:\/\/casafreitas.pt\/loja\/wp-json\/wp\/v2\/product_tag?post=126168"}],"curies":[{"name":"wp","href":"https:\/\/api.w.org\/{rel}","templated":true}]}}