{"id":126129,"date":"2025-10-07T21:17:47","date_gmt":"2025-10-07T21:17:47","guid":{"rendered":"https:\/\/casafreitas.pt\/loja\/produto\/cortina-led-intermitente-256-leds-multicor-suave-ip44-375m\/"},"modified":"2025-10-24T07:19:25","modified_gmt":"2025-10-24T07:19:25","slug":"cortina-led-intermitente-256-leds-multicor-suave-ip44-375m","status":"publish","type":"product","link":"https:\/\/casafreitas.pt\/loja\/produto\/cortina-led-intermitente-256-leds-multicor-suave-ip44-375m\/","title":{"rendered":"Cortina led intermitente, 256 leds, multicor suave, ip44 3,75m"},"content":{"rendered":"","protected":false},"excerpt":{"rendered":"<p>Cortina led intermitente, 256 leds, multicor suave, 220v, 3,2w, para exterior ip44, 3,75m. 8 fun\u00e7\u00f5es, 16 tiras de 60,40 e 20cm, dist\u00e2ncia entre tiras de 25cm, cabo de alimenta\u00e7\u00e3o preto de 5m. possibilidade de interligar at\u00e9 cinco unidades, temporizador 8h on \/ 16h off<\/p>\n","protected":false},"featured_media":126128,"comment_status":"open","ping_status":"closed","template":"","meta":[],"product_brand":[],"product_cat":[17788,18006],"product_tag":[],"class_list":{"0":"post-126129","1":"product","2":"type-product","3":"status-publish","4":"has-post-thumbnail","6":"product_cat-cortinas-flash-intermitentes-icicle-diversos-sazonais","7":"product_cat-diversos-sazonais","9":"first","10":"instock","11":"taxable","12":"shipping-taxable","13":"purchasable","14":"product-type-simple"},"_links":{"self":[{"href":"https:\/\/casafreitas.pt\/loja\/wp-json\/wp\/v2\/product\/126129","targetHints":{"allow":["GET"]}}],"collection":[{"href":"https:\/\/casafreitas.pt\/loja\/wp-json\/wp\/v2\/product"}],"about":[{"href":"https:\/\/casafreitas.pt\/loja\/wp-json\/wp\/v2\/types\/product"}],"replies":[{"embeddable":true,"href":"https:\/\/casafreitas.pt\/loja\/wp-json\/wp\/v2\/comments?post=126129"}],"version-history":[{"count":1,"href":"https:\/\/casafreitas.pt\/loja\/wp-json\/wp\/v2\/product\/126129\/revisions"}],"predecessor-version":[{"id":126130,"href":"https:\/\/casafreitas.pt\/loja\/wp-json\/wp\/v2\/product\/126129\/revisions\/126130"}],"wp:featuredmedia":[{"embeddable":true,"href":"https:\/\/casafreitas.pt\/loja\/wp-json\/wp\/v2\/media\/126128"}],"wp:attachment":[{"href":"https:\/\/casafreitas.pt\/loja\/wp-json\/wp\/v2\/media?parent=126129"}],"wp:term":[{"taxonomy":"product_brand","embeddable":true,"href":"https:\/\/casafreitas.pt\/loja\/wp-json\/wp\/v2\/product_brand?post=126129"},{"taxonomy":"product_cat","embeddable":true,"href":"https:\/\/casafreitas.pt\/loja\/wp-json\/wp\/v2\/product_cat?post=126129"},{"taxonomy":"product_tag","embeddable":true,"href":"https:\/\/casafreitas.pt\/loja\/wp-json\/wp\/v2\/product_tag?post=126129"}],"curies":[{"name":"wp","href":"https:\/\/api.w.org\/{rel}","templated":true}]}}