{"id":126126,"date":"2025-10-07T21:17:18","date_gmt":"2025-10-07T21:17:18","guid":{"rendered":"https:\/\/casafreitas.pt\/loja\/produto\/coroa-imperial-com-microled-intermitente-20-leds-o35x8cm\/"},"modified":"2025-10-24T07:19:25","modified_gmt":"2025-10-24T07:19:25","slug":"coroa-imperial-com-microled-intermitente-20-leds-o35x8cm","status":"publish","type":"product","link":"https:\/\/casafreitas.pt\/loja\/produto\/coroa-imperial-com-microled-intermitente-20-leds-o35x8cm\/","title":{"rendered":"Coroa imperial com microled intermitente, 20 leds, \u00f835x8cm."},"content":{"rendered":"","protected":false},"excerpt":{"rendered":"<p>Coroa imperial com microled, para exterior, intermitente, 20 leds, \u00f835x8cm, branco quente, 3 pilhas aa (n\u00e3o inclu\u00eddas), dist\u00e2ncia entre leds 12,5cm, cabo de alimenta\u00e7\u00e3o verde 30cm, 8 fun\u00e7\u00f5es, 70 pontas.<\/p>\n","protected":false},"featured_media":126125,"comment_status":"open","ping_status":"closed","template":"","meta":[],"product_brand":[],"product_cat":[17786,18006],"product_tag":[],"class_list":{"0":"post-126126","1":"product","2":"type-product","3":"status-publish","4":"has-post-thumbnail","6":"product_cat-complementos-e-decoracao-de-natal-diversos-sazonais","7":"product_cat-diversos-sazonais","9":"first","10":"instock","11":"taxable","12":"shipping-taxable","13":"purchasable","14":"product-type-simple"},"_links":{"self":[{"href":"https:\/\/casafreitas.pt\/loja\/wp-json\/wp\/v2\/product\/126126","targetHints":{"allow":["GET"]}}],"collection":[{"href":"https:\/\/casafreitas.pt\/loja\/wp-json\/wp\/v2\/product"}],"about":[{"href":"https:\/\/casafreitas.pt\/loja\/wp-json\/wp\/v2\/types\/product"}],"replies":[{"embeddable":true,"href":"https:\/\/casafreitas.pt\/loja\/wp-json\/wp\/v2\/comments?post=126126"}],"version-history":[{"count":1,"href":"https:\/\/casafreitas.pt\/loja\/wp-json\/wp\/v2\/product\/126126\/revisions"}],"predecessor-version":[{"id":126127,"href":"https:\/\/casafreitas.pt\/loja\/wp-json\/wp\/v2\/product\/126126\/revisions\/126127"}],"wp:featuredmedia":[{"embeddable":true,"href":"https:\/\/casafreitas.pt\/loja\/wp-json\/wp\/v2\/media\/126125"}],"wp:attachment":[{"href":"https:\/\/casafreitas.pt\/loja\/wp-json\/wp\/v2\/media?parent=126126"}],"wp:term":[{"taxonomy":"product_brand","embeddable":true,"href":"https:\/\/casafreitas.pt\/loja\/wp-json\/wp\/v2\/product_brand?post=126126"},{"taxonomy":"product_cat","embeddable":true,"href":"https:\/\/casafreitas.pt\/loja\/wp-json\/wp\/v2\/product_cat?post=126126"},{"taxonomy":"product_tag","embeddable":true,"href":"https:\/\/casafreitas.pt\/loja\/wp-json\/wp\/v2\/product_tag?post=126126"}],"curies":[{"name":"wp","href":"https:\/\/api.w.org\/{rel}","templated":true}]}}