{"id":126093,"date":"2025-10-07T21:12:01","date_gmt":"2025-10-07T21:12:01","guid":{"rendered":"https:\/\/casafreitas.pt\/loja\/produto\/bola-vidro-microled-verde-agua-para-pendurar-o10cm\/"},"modified":"2025-10-24T07:19:24","modified_gmt":"2025-10-24T07:19:24","slug":"bola-vidro-microled-verde-agua-para-pendurar-o10cm","status":"publish","type":"product","link":"https:\/\/casafreitas.pt\/loja\/produto\/bola-vidro-microled-verde-agua-para-pendurar-o10cm\/","title":{"rendered":"Bola de vidro microled verde \u00e1gua para pendurar, \u00f810cm."},"content":{"rendered":"","protected":false},"excerpt":{"rendered":"<p>Bola de vidro microled verde \u00e1gua para pendurar, para interior, luz fixa, branco quente, 15 leds, \u00f810cm, 2 pilhas aaa (n\u00e3o inclu\u00eddas). cabo de alimenta\u00e7\u00e3o 1m de cor prata. juta. autonomia aprox. 48h. temporizador 6h.<\/p>\n","protected":false},"featured_media":126092,"comment_status":"open","ping_status":"closed","template":"","meta":[],"product_brand":[],"product_cat":[17790,18006],"product_tag":[],"class_list":{"0":"post-126093","1":"product","2":"type-product","3":"status-publish","4":"has-post-thumbnail","6":"product_cat-decoracao-de-interiores-com-led-diversos-sazonais","7":"product_cat-diversos-sazonais","9":"first","10":"instock","11":"taxable","12":"shipping-taxable","13":"purchasable","14":"product-type-simple"},"_links":{"self":[{"href":"https:\/\/casafreitas.pt\/loja\/wp-json\/wp\/v2\/product\/126093","targetHints":{"allow":["GET"]}}],"collection":[{"href":"https:\/\/casafreitas.pt\/loja\/wp-json\/wp\/v2\/product"}],"about":[{"href":"https:\/\/casafreitas.pt\/loja\/wp-json\/wp\/v2\/types\/product"}],"replies":[{"embeddable":true,"href":"https:\/\/casafreitas.pt\/loja\/wp-json\/wp\/v2\/comments?post=126093"}],"version-history":[{"count":1,"href":"https:\/\/casafreitas.pt\/loja\/wp-json\/wp\/v2\/product\/126093\/revisions"}],"predecessor-version":[{"id":126094,"href":"https:\/\/casafreitas.pt\/loja\/wp-json\/wp\/v2\/product\/126093\/revisions\/126094"}],"wp:featuredmedia":[{"embeddable":true,"href":"https:\/\/casafreitas.pt\/loja\/wp-json\/wp\/v2\/media\/126092"}],"wp:attachment":[{"href":"https:\/\/casafreitas.pt\/loja\/wp-json\/wp\/v2\/media?parent=126093"}],"wp:term":[{"taxonomy":"product_brand","embeddable":true,"href":"https:\/\/casafreitas.pt\/loja\/wp-json\/wp\/v2\/product_brand?post=126093"},{"taxonomy":"product_cat","embeddable":true,"href":"https:\/\/casafreitas.pt\/loja\/wp-json\/wp\/v2\/product_cat?post=126093"},{"taxonomy":"product_tag","embeddable":true,"href":"https:\/\/casafreitas.pt\/loja\/wp-json\/wp\/v2\/product_tag?post=126093"}],"curies":[{"name":"wp","href":"https:\/\/api.w.org\/{rel}","templated":true}]}}