{"id":126051,"date":"2025-10-07T21:05:18","date_gmt":"2025-10-07T21:05:18","guid":{"rendered":"https:\/\/casafreitas.pt\/loja\/produto\/enfeite-led-bola-com-aro-metalico-preto-para-pendurar-o38cm-lumineo\/"},"modified":"2025-10-24T07:19:24","modified_gmt":"2025-10-24T07:19:24","slug":"enfeite-led-bola-com-aro-metalico-preto-para-pendurar-o38cm-lumineo","status":"publish","type":"product","link":"https:\/\/casafreitas.pt\/loja\/produto\/enfeite-led-bola-com-aro-metalico-preto-para-pendurar-o38cm-lumineo\/","title":{"rendered":"Enfeite led bola&#8221; com aro met\u00e1lico preto, para pendurar, \u00f838cm. lumineo&#8221;"},"content":{"rendered":"","protected":false},"excerpt":{"rendered":"<p>Enfeite led bola&#8221; com aro met\u00e1lico preto para pendurar, para exterior, luz fixa, 240 leds, \u00f838cm. branco quente, 220v, 6w, cabo de alimenta\u00e7\u00e3o 5m de cor preto. l<\/p>\n","protected":false},"featured_media":126050,"comment_status":"open","ping_status":"closed","template":"","meta":[],"product_brand":[],"product_cat":[17799,18006],"product_tag":[],"class_list":{"0":"post-126051","1":"product","2":"type-product","3":"status-publish","4":"has-post-thumbnail","6":"product_cat-figuras-iluminadas-ao-ar-livre-diversos-sazonais","7":"product_cat-diversos-sazonais","9":"first","10":"instock","11":"taxable","12":"shipping-taxable","13":"purchasable","14":"product-type-simple"},"_links":{"self":[{"href":"https:\/\/casafreitas.pt\/loja\/wp-json\/wp\/v2\/product\/126051","targetHints":{"allow":["GET"]}}],"collection":[{"href":"https:\/\/casafreitas.pt\/loja\/wp-json\/wp\/v2\/product"}],"about":[{"href":"https:\/\/casafreitas.pt\/loja\/wp-json\/wp\/v2\/types\/product"}],"replies":[{"embeddable":true,"href":"https:\/\/casafreitas.pt\/loja\/wp-json\/wp\/v2\/comments?post=126051"}],"version-history":[{"count":1,"href":"https:\/\/casafreitas.pt\/loja\/wp-json\/wp\/v2\/product\/126051\/revisions"}],"predecessor-version":[{"id":126052,"href":"https:\/\/casafreitas.pt\/loja\/wp-json\/wp\/v2\/product\/126051\/revisions\/126052"}],"wp:featuredmedia":[{"embeddable":true,"href":"https:\/\/casafreitas.pt\/loja\/wp-json\/wp\/v2\/media\/126050"}],"wp:attachment":[{"href":"https:\/\/casafreitas.pt\/loja\/wp-json\/wp\/v2\/media?parent=126051"}],"wp:term":[{"taxonomy":"product_brand","embeddable":true,"href":"https:\/\/casafreitas.pt\/loja\/wp-json\/wp\/v2\/product_brand?post=126051"},{"taxonomy":"product_cat","embeddable":true,"href":"https:\/\/casafreitas.pt\/loja\/wp-json\/wp\/v2\/product_cat?post=126051"},{"taxonomy":"product_tag","embeddable":true,"href":"https:\/\/casafreitas.pt\/loja\/wp-json\/wp\/v2\/product_tag?post=126051"}],"curies":[{"name":"wp","href":"https:\/\/api.w.org\/{rel}","templated":true}]}}