{"id":125967,"date":"2025-10-07T20:51:45","date_gmt":"2025-10-07T20:51:45","guid":{"rendered":"https:\/\/casafreitas.pt\/loja\/produto\/grinalda-com-8-bolas-arame-varios-diametros-led-branco-quente-8-leds-90-cm\/"},"modified":"2025-10-24T07:19:17","modified_gmt":"2025-10-24T07:19:17","slug":"grinalda-com-8-bolas-arame-varios-diametros-led-branco-quente-8-leds-90-cm","status":"publish","type":"product","link":"https:\/\/casafreitas.pt\/loja\/produto\/grinalda-com-8-bolas-arame-varios-diametros-led-branco-quente-8-leds-90-cm\/","title":{"rendered":"Grinalda com 8 bolas de arame de v\u00e1rios di\u00e2metros, led branco quente, 8 leds, 90 cm"},"content":{"rendered":"","protected":false},"excerpt":{"rendered":"<p>Grinalda com 8 bolas de arame de v\u00e1rios di\u00e2metros, 90 cm, led branco quente, 8 leds, 2 pilhas aa (n\u00e3o inclu\u00eddas), temporizador 6 h on \/ 18 h off. bolas de cor dourada, cabo transparente<\/p>\n","protected":false},"featured_media":125966,"comment_status":"open","ping_status":"closed","template":"","meta":[],"product_brand":[],"product_cat":[17804,18006],"product_tag":[],"class_list":{"0":"post-125967","1":"product","2":"type-product","3":"status-publish","4":"has-post-thumbnail","6":"product_cat-grinaldas-funcao-fixa-diversos-sazonais","7":"product_cat-diversos-sazonais","9":"first","10":"instock","11":"taxable","12":"shipping-taxable","13":"purchasable","14":"product-type-simple"},"_links":{"self":[{"href":"https:\/\/casafreitas.pt\/loja\/wp-json\/wp\/v2\/product\/125967","targetHints":{"allow":["GET"]}}],"collection":[{"href":"https:\/\/casafreitas.pt\/loja\/wp-json\/wp\/v2\/product"}],"about":[{"href":"https:\/\/casafreitas.pt\/loja\/wp-json\/wp\/v2\/types\/product"}],"replies":[{"embeddable":true,"href":"https:\/\/casafreitas.pt\/loja\/wp-json\/wp\/v2\/comments?post=125967"}],"version-history":[{"count":1,"href":"https:\/\/casafreitas.pt\/loja\/wp-json\/wp\/v2\/product\/125967\/revisions"}],"predecessor-version":[{"id":125968,"href":"https:\/\/casafreitas.pt\/loja\/wp-json\/wp\/v2\/product\/125967\/revisions\/125968"}],"wp:featuredmedia":[{"embeddable":true,"href":"https:\/\/casafreitas.pt\/loja\/wp-json\/wp\/v2\/media\/125966"}],"wp:attachment":[{"href":"https:\/\/casafreitas.pt\/loja\/wp-json\/wp\/v2\/media?parent=125967"}],"wp:term":[{"taxonomy":"product_brand","embeddable":true,"href":"https:\/\/casafreitas.pt\/loja\/wp-json\/wp\/v2\/product_brand?post=125967"},{"taxonomy":"product_cat","embeddable":true,"href":"https:\/\/casafreitas.pt\/loja\/wp-json\/wp\/v2\/product_cat?post=125967"},{"taxonomy":"product_tag","embeddable":true,"href":"https:\/\/casafreitas.pt\/loja\/wp-json\/wp\/v2\/product_tag?post=125967"}],"curies":[{"name":"wp","href":"https:\/\/api.w.org\/{rel}","templated":true}]}}