{"id":125961,"date":"2025-10-07T20:50:47","date_gmt":"2025-10-07T20:50:47","guid":{"rendered":"https:\/\/casafreitas.pt\/loja\/produto\/lanterna-efeito-chama-led-acionada-pilhas-varios-modelos-10-x-19-cm\/"},"modified":"2025-10-24T07:19:17","modified_gmt":"2025-10-24T07:19:17","slug":"lanterna-efeito-chama-led-acionada-pilhas-varios-modelos-10-x-19-cm","status":"publish","type":"product","link":"https:\/\/casafreitas.pt\/loja\/produto\/lanterna-efeito-chama-led-acionada-pilhas-varios-modelos-10-x-19-cm\/","title":{"rendered":"Lanterna de efeito de chama led, acionada por pilhas, v\u00e1rios modelos, 10 x 19 cm"},"content":{"rendered":"","protected":false},"excerpt":{"rendered":"<p>Lanterna de efeito de chama led, funciona com 3 pilhas aaa n\u00e3o inclu\u00eddas, v\u00e1rios modelos, 10 x 19 cm<\/p>\n","protected":false},"featured_media":125960,"comment_status":"open","ping_status":"closed","template":"","meta":[],"product_brand":[],"product_cat":[17817,18006],"product_tag":[],"class_list":{"0":"post-125961","1":"product","2":"type-product","3":"status-publish","4":"has-post-thumbnail","6":"product_cat-velas-casticais-lanternas-diversos-sazonais","7":"product_cat-diversos-sazonais","9":"first","10":"instock","11":"taxable","12":"shipping-taxable","13":"purchasable","14":"product-type-simple"},"_links":{"self":[{"href":"https:\/\/casafreitas.pt\/loja\/wp-json\/wp\/v2\/product\/125961","targetHints":{"allow":["GET"]}}],"collection":[{"href":"https:\/\/casafreitas.pt\/loja\/wp-json\/wp\/v2\/product"}],"about":[{"href":"https:\/\/casafreitas.pt\/loja\/wp-json\/wp\/v2\/types\/product"}],"replies":[{"embeddable":true,"href":"https:\/\/casafreitas.pt\/loja\/wp-json\/wp\/v2\/comments?post=125961"}],"version-history":[{"count":1,"href":"https:\/\/casafreitas.pt\/loja\/wp-json\/wp\/v2\/product\/125961\/revisions"}],"predecessor-version":[{"id":125962,"href":"https:\/\/casafreitas.pt\/loja\/wp-json\/wp\/v2\/product\/125961\/revisions\/125962"}],"wp:featuredmedia":[{"embeddable":true,"href":"https:\/\/casafreitas.pt\/loja\/wp-json\/wp\/v2\/media\/125960"}],"wp:attachment":[{"href":"https:\/\/casafreitas.pt\/loja\/wp-json\/wp\/v2\/media?parent=125961"}],"wp:term":[{"taxonomy":"product_brand","embeddable":true,"href":"https:\/\/casafreitas.pt\/loja\/wp-json\/wp\/v2\/product_brand?post=125961"},{"taxonomy":"product_cat","embeddable":true,"href":"https:\/\/casafreitas.pt\/loja\/wp-json\/wp\/v2\/product_cat?post=125961"},{"taxonomy":"product_tag","embeddable":true,"href":"https:\/\/casafreitas.pt\/loja\/wp-json\/wp\/v2\/product_tag?post=125961"}],"curies":[{"name":"wp","href":"https:\/\/api.w.org\/{rel}","templated":true}]}}