{"id":125817,"date":"2025-10-07T20:27:32","date_gmt":"2025-10-07T20:27:32","guid":{"rendered":"https:\/\/casafreitas.pt\/loja\/produto\/enfeite-microled-para-pendurar-15-leds-branco-quente-fixos-ip20-o20x21cm\/"},"modified":"2025-10-24T07:19:15","modified_gmt":"2025-10-24T07:19:15","slug":"enfeite-microled-para-pendurar-15-leds-branco-quente-fixos-ip20-o20x21cm","status":"publish","type":"product","link":"https:\/\/casafreitas.pt\/loja\/produto\/enfeite-microled-para-pendurar-15-leds-branco-quente-fixos-ip20-o20x21cm\/","title":{"rendered":"Enfeite microled para pendurar 15 leds branco quente fixos ip20 \u00f820x21cm"},"content":{"rendered":"","protected":false},"excerpt":{"rendered":"<p>Enfeite microled para pendurar 15 leds branco quente fixos, para interior ip20, \u00f820x21cm. cabo de alimenta\u00e7\u00e3o 1m. detalhe natural: juta tiliacea. temporizador: 6 horas<\/p>\n","protected":false},"featured_media":125816,"comment_status":"open","ping_status":"closed","template":"","meta":[],"product_brand":[],"product_cat":[17790,18006],"product_tag":[],"class_list":{"0":"post-125817","1":"product","2":"type-product","3":"status-publish","4":"has-post-thumbnail","6":"product_cat-decoracao-de-interiores-com-led-diversos-sazonais","7":"product_cat-diversos-sazonais","9":"first","10":"instock","11":"taxable","12":"shipping-taxable","13":"purchasable","14":"product-type-simple"},"_links":{"self":[{"href":"https:\/\/casafreitas.pt\/loja\/wp-json\/wp\/v2\/product\/125817","targetHints":{"allow":["GET"]}}],"collection":[{"href":"https:\/\/casafreitas.pt\/loja\/wp-json\/wp\/v2\/product"}],"about":[{"href":"https:\/\/casafreitas.pt\/loja\/wp-json\/wp\/v2\/types\/product"}],"replies":[{"embeddable":true,"href":"https:\/\/casafreitas.pt\/loja\/wp-json\/wp\/v2\/comments?post=125817"}],"version-history":[{"count":1,"href":"https:\/\/casafreitas.pt\/loja\/wp-json\/wp\/v2\/product\/125817\/revisions"}],"predecessor-version":[{"id":125818,"href":"https:\/\/casafreitas.pt\/loja\/wp-json\/wp\/v2\/product\/125817\/revisions\/125818"}],"wp:featuredmedia":[{"embeddable":true,"href":"https:\/\/casafreitas.pt\/loja\/wp-json\/wp\/v2\/media\/125816"}],"wp:attachment":[{"href":"https:\/\/casafreitas.pt\/loja\/wp-json\/wp\/v2\/media?parent=125817"}],"wp:term":[{"taxonomy":"product_brand","embeddable":true,"href":"https:\/\/casafreitas.pt\/loja\/wp-json\/wp\/v2\/product_brand?post=125817"},{"taxonomy":"product_cat","embeddable":true,"href":"https:\/\/casafreitas.pt\/loja\/wp-json\/wp\/v2\/product_cat?post=125817"},{"taxonomy":"product_tag","embeddable":true,"href":"https:\/\/casafreitas.pt\/loja\/wp-json\/wp\/v2\/product_tag?post=125817"}],"curies":[{"name":"wp","href":"https:\/\/api.w.org\/{rel}","templated":true}]}}