{"id":125808,"date":"2025-10-07T20:26:04","date_gmt":"2025-10-07T20:26:04","guid":{"rendered":"https:\/\/casafreitas.pt\/loja\/produto\/grinalda-led-compact-intermitente-cor-branco-azul-turquesa-750-leds-cabo-verde-21m\/"},"modified":"2025-10-24T07:19:14","modified_gmt":"2025-10-24T07:19:14","slug":"grinalda-led-compact-intermitente-cor-branco-azul-turquesa-750-leds-cabo-verde-21m","status":"publish","type":"product","link":"https:\/\/casafreitas.pt\/loja\/produto\/grinalda-led-compact-intermitente-cor-branco-azul-turquesa-750-leds-cabo-verde-21m\/","title":{"rendered":"Grinalda led compact intermitente cor branco, azul e turquesa 750 leds cabo verde 21m"},"content":{"rendered":"","protected":false},"excerpt":{"rendered":"<p>Grinalda led compact intermitente cor branco, azul e turquesa 750 leds cabo verde. exterior ip44, cabo de alimenta\u00e7\u00e3o 5m. dist\u00e2ncia entre a primeira e a \u00faltima l\u00e2mpada 16m. comprimento total: 21m<\/p>\n","protected":false},"featured_media":125807,"comment_status":"open","ping_status":"closed","template":"","meta":[],"product_brand":[],"product_cat":[17805,18006],"product_tag":[],"class_list":{"0":"post-125808","1":"product","2":"type-product","3":"status-publish","4":"has-post-thumbnail","6":"product_cat-guirlandas-multifuncionais-para-exterior-diversos-sazonais","7":"product_cat-diversos-sazonais","9":"first","10":"instock","11":"taxable","12":"shipping-taxable","13":"purchasable","14":"product-type-simple"},"_links":{"self":[{"href":"https:\/\/casafreitas.pt\/loja\/wp-json\/wp\/v2\/product\/125808","targetHints":{"allow":["GET"]}}],"collection":[{"href":"https:\/\/casafreitas.pt\/loja\/wp-json\/wp\/v2\/product"}],"about":[{"href":"https:\/\/casafreitas.pt\/loja\/wp-json\/wp\/v2\/types\/product"}],"replies":[{"embeddable":true,"href":"https:\/\/casafreitas.pt\/loja\/wp-json\/wp\/v2\/comments?post=125808"}],"version-history":[{"count":1,"href":"https:\/\/casafreitas.pt\/loja\/wp-json\/wp\/v2\/product\/125808\/revisions"}],"predecessor-version":[{"id":125809,"href":"https:\/\/casafreitas.pt\/loja\/wp-json\/wp\/v2\/product\/125808\/revisions\/125809"}],"wp:featuredmedia":[{"embeddable":true,"href":"https:\/\/casafreitas.pt\/loja\/wp-json\/wp\/v2\/media\/125807"}],"wp:attachment":[{"href":"https:\/\/casafreitas.pt\/loja\/wp-json\/wp\/v2\/media?parent=125808"}],"wp:term":[{"taxonomy":"product_brand","embeddable":true,"href":"https:\/\/casafreitas.pt\/loja\/wp-json\/wp\/v2\/product_brand?post=125808"},{"taxonomy":"product_cat","embeddable":true,"href":"https:\/\/casafreitas.pt\/loja\/wp-json\/wp\/v2\/product_cat?post=125808"},{"taxonomy":"product_tag","embeddable":true,"href":"https:\/\/casafreitas.pt\/loja\/wp-json\/wp\/v2\/product_tag?post=125808"}],"curies":[{"name":"wp","href":"https:\/\/api.w.org\/{rel}","templated":true}]}}