{"id":125805,"date":"2025-10-07T20:25:33","date_gmt":"2025-10-07T20:25:33","guid":{"rendered":"https:\/\/casafreitas.pt\/loja\/produto\/grinalda-led-compact-750-leds-multifuncoes-multicor-tons-pastel-exterior-16-m\/"},"modified":"2025-10-24T07:19:14","modified_gmt":"2025-10-24T07:19:14","slug":"grinalda-led-compact-750-leds-multifuncoes-multicor-tons-pastel-exterior-16-m","status":"publish","type":"product","link":"https:\/\/casafreitas.pt\/loja\/produto\/grinalda-led-compact-750-leds-multifuncoes-multicor-tons-pastel-exterior-16-m\/","title":{"rendered":"Grinalda led compact 750 leds, multifun\u00e7\u00f5es, multicor tons pastel, exterior, 16 m"},"content":{"rendered":"","protected":false},"excerpt":{"rendered":"<p>Grinalda led compact 750 leds intermitentes multicor em tons pastel. 8 fun\u00e7\u00f5es de efeito intermitente, incluindo modo fixo, ip44, 220-240 v 50\/60 hz, cabo verde, cabo de alimenta\u00e7\u00e3o de 5 m. dist\u00e2ncia entre a primeira e a \u00faltima l\u00e2mpada: 16 m. comprimento total: 21 m, para \u00e1rvores de 180-210 cm. temporizador: 8 h ligado \/ 16 h desligado, inclui transformador<\/p>\n","protected":false},"featured_media":125804,"comment_status":"open","ping_status":"closed","template":"","meta":[],"product_brand":[],"product_cat":[17805,18006],"product_tag":[],"class_list":{"0":"post-125805","1":"product","2":"type-product","3":"status-publish","4":"has-post-thumbnail","6":"product_cat-guirlandas-multifuncionais-para-exterior-diversos-sazonais","7":"product_cat-diversos-sazonais","9":"first","10":"instock","11":"taxable","12":"shipping-taxable","13":"purchasable","14":"product-type-simple"},"_links":{"self":[{"href":"https:\/\/casafreitas.pt\/loja\/wp-json\/wp\/v2\/product\/125805","targetHints":{"allow":["GET"]}}],"collection":[{"href":"https:\/\/casafreitas.pt\/loja\/wp-json\/wp\/v2\/product"}],"about":[{"href":"https:\/\/casafreitas.pt\/loja\/wp-json\/wp\/v2\/types\/product"}],"replies":[{"embeddable":true,"href":"https:\/\/casafreitas.pt\/loja\/wp-json\/wp\/v2\/comments?post=125805"}],"version-history":[{"count":1,"href":"https:\/\/casafreitas.pt\/loja\/wp-json\/wp\/v2\/product\/125805\/revisions"}],"predecessor-version":[{"id":125806,"href":"https:\/\/casafreitas.pt\/loja\/wp-json\/wp\/v2\/product\/125805\/revisions\/125806"}],"wp:featuredmedia":[{"embeddable":true,"href":"https:\/\/casafreitas.pt\/loja\/wp-json\/wp\/v2\/media\/125804"}],"wp:attachment":[{"href":"https:\/\/casafreitas.pt\/loja\/wp-json\/wp\/v2\/media?parent=125805"}],"wp:term":[{"taxonomy":"product_brand","embeddable":true,"href":"https:\/\/casafreitas.pt\/loja\/wp-json\/wp\/v2\/product_brand?post=125805"},{"taxonomy":"product_cat","embeddable":true,"href":"https:\/\/casafreitas.pt\/loja\/wp-json\/wp\/v2\/product_cat?post=125805"},{"taxonomy":"product_tag","embeddable":true,"href":"https:\/\/casafreitas.pt\/loja\/wp-json\/wp\/v2\/product_tag?post=125805"}],"curies":[{"name":"wp","href":"https:\/\/api.w.org\/{rel}","templated":true}]}}