{"id":125763,"date":"2025-10-07T20:16:13","date_gmt":"2025-10-07T20:16:13","guid":{"rendered":"https:\/\/casafreitas.pt\/loja\/produto\/grinalda-soft-wire-1200-led-branco-frio-8-funcoes-39m\/"},"modified":"2025-10-24T07:19:14","modified_gmt":"2025-10-24T07:19:14","slug":"grinalda-soft-wire-1200-led-branco-frio-8-funcoes-39m","status":"publish","type":"product","link":"https:\/\/casafreitas.pt\/loja\/produto\/grinalda-soft-wire-1200-led-branco-frio-8-funcoes-39m\/","title":{"rendered":"Grinalda soft wire 1200 led branco frio 8 fun\u00e7\u00f5es 39m"},"content":{"rendered":"","protected":false},"excerpt":{"rendered":"<p>Grinalda soft wire 1200 leds branco frio 8 fun\u00e7\u00f5es. cabo transparente, dist\u00e2ncia l\u00e2mpada: 3cm, cabo de chumbo: 3m, sec\u00e7\u00e3o transversal: 0.15mm\u00b2, adaptador 31v\/3.6w, controlador de 8 fun\u00e7\u00f5es com mem\u00f3ria cabo de alimenta\u00e7\u00e3o 3m. dist\u00e2ncia entre a primeira e a \u00faltima l\u00e2mpada 36m. comprimento total: 39m<\/p>\n","protected":false},"featured_media":125762,"comment_status":"open","ping_status":"closed","template":"","meta":[],"product_brand":[],"product_cat":[17805,18006],"product_tag":[],"class_list":{"0":"post-125763","1":"product","2":"type-product","3":"status-publish","4":"has-post-thumbnail","6":"product_cat-guirlandas-multifuncionais-para-exterior-diversos-sazonais","7":"product_cat-diversos-sazonais","9":"first","10":"instock","11":"taxable","12":"shipping-taxable","13":"purchasable","14":"product-type-simple"},"_links":{"self":[{"href":"https:\/\/casafreitas.pt\/loja\/wp-json\/wp\/v2\/product\/125763","targetHints":{"allow":["GET"]}}],"collection":[{"href":"https:\/\/casafreitas.pt\/loja\/wp-json\/wp\/v2\/product"}],"about":[{"href":"https:\/\/casafreitas.pt\/loja\/wp-json\/wp\/v2\/types\/product"}],"replies":[{"embeddable":true,"href":"https:\/\/casafreitas.pt\/loja\/wp-json\/wp\/v2\/comments?post=125763"}],"version-history":[{"count":1,"href":"https:\/\/casafreitas.pt\/loja\/wp-json\/wp\/v2\/product\/125763\/revisions"}],"predecessor-version":[{"id":125764,"href":"https:\/\/casafreitas.pt\/loja\/wp-json\/wp\/v2\/product\/125763\/revisions\/125764"}],"wp:featuredmedia":[{"embeddable":true,"href":"https:\/\/casafreitas.pt\/loja\/wp-json\/wp\/v2\/media\/125762"}],"wp:attachment":[{"href":"https:\/\/casafreitas.pt\/loja\/wp-json\/wp\/v2\/media?parent=125763"}],"wp:term":[{"taxonomy":"product_brand","embeddable":true,"href":"https:\/\/casafreitas.pt\/loja\/wp-json\/wp\/v2\/product_brand?post=125763"},{"taxonomy":"product_cat","embeddable":true,"href":"https:\/\/casafreitas.pt\/loja\/wp-json\/wp\/v2\/product_cat?post=125763"},{"taxonomy":"product_tag","embeddable":true,"href":"https:\/\/casafreitas.pt\/loja\/wp-json\/wp\/v2\/product_tag?post=125763"}],"curies":[{"name":"wp","href":"https:\/\/api.w.org\/{rel}","templated":true}]}}