{"id":125757,"date":"2025-10-07T20:15:07","date_gmt":"2025-10-07T20:15:07","guid":{"rendered":"https:\/\/casafreitas.pt\/loja\/produto\/cortina-400-leds-flash-branco-quente-ip44-3x1m\/"},"modified":"2025-10-24T07:19:14","modified_gmt":"2025-10-24T07:19:14","slug":"cortina-400-leds-flash-branco-quente-ip44-3x1m","status":"publish","type":"product","link":"https:\/\/casafreitas.pt\/loja\/produto\/cortina-400-leds-flash-branco-quente-ip44-3x1m\/","title":{"rendered":"Cortina 400 leds flash branco quente ip44 3x1m"},"content":{"rendered":"","protected":false},"excerpt":{"rendered":"<p>Cortina 400 leds flash branco quente, para exterior ip44, 3x1m (largura\/altura). 400 l\u00e2mpadas intermitentes. dist\u00e2ncia da tira:77mm, dist\u00e2ncia entre l\u00e2mpadas:10cm, total: 40 tiras, por tira:10 leds. cabo preto de 5m, adaptador ip44<\/p>\n","protected":false},"featured_media":125756,"comment_status":"open","ping_status":"closed","template":"","meta":[],"product_brand":[],"product_cat":[17788,18006],"product_tag":[],"class_list":{"0":"post-125757","1":"product","2":"type-product","3":"status-publish","4":"has-post-thumbnail","6":"product_cat-cortinas-flash-intermitentes-icicle-diversos-sazonais","7":"product_cat-diversos-sazonais","9":"first","10":"instock","11":"taxable","12":"shipping-taxable","13":"purchasable","14":"product-type-simple"},"_links":{"self":[{"href":"https:\/\/casafreitas.pt\/loja\/wp-json\/wp\/v2\/product\/125757","targetHints":{"allow":["GET"]}}],"collection":[{"href":"https:\/\/casafreitas.pt\/loja\/wp-json\/wp\/v2\/product"}],"about":[{"href":"https:\/\/casafreitas.pt\/loja\/wp-json\/wp\/v2\/types\/product"}],"replies":[{"embeddable":true,"href":"https:\/\/casafreitas.pt\/loja\/wp-json\/wp\/v2\/comments?post=125757"}],"version-history":[{"count":1,"href":"https:\/\/casafreitas.pt\/loja\/wp-json\/wp\/v2\/product\/125757\/revisions"}],"predecessor-version":[{"id":125758,"href":"https:\/\/casafreitas.pt\/loja\/wp-json\/wp\/v2\/product\/125757\/revisions\/125758"}],"wp:featuredmedia":[{"embeddable":true,"href":"https:\/\/casafreitas.pt\/loja\/wp-json\/wp\/v2\/media\/125756"}],"wp:attachment":[{"href":"https:\/\/casafreitas.pt\/loja\/wp-json\/wp\/v2\/media?parent=125757"}],"wp:term":[{"taxonomy":"product_brand","embeddable":true,"href":"https:\/\/casafreitas.pt\/loja\/wp-json\/wp\/v2\/product_brand?post=125757"},{"taxonomy":"product_cat","embeddable":true,"href":"https:\/\/casafreitas.pt\/loja\/wp-json\/wp\/v2\/product_cat?post=125757"},{"taxonomy":"product_tag","embeddable":true,"href":"https:\/\/casafreitas.pt\/loja\/wp-json\/wp\/v2\/product_tag?post=125757"}],"curies":[{"name":"wp","href":"https:\/\/api.w.org\/{rel}","templated":true}]}}