{"id":125634,"date":"2025-10-07T19:57:10","date_gmt":"2025-10-07T19:57:10","guid":{"rendered":"https:\/\/casafreitas.pt\/loja\/produto\/arvore-troncos-micro-led-efeito-neve-25x12x50cm\/"},"modified":"2025-10-24T07:19:10","modified_gmt":"2025-10-24T07:19:10","slug":"arvore-troncos-micro-led-efeito-neve-25x12x50cm","status":"publish","type":"product","link":"https:\/\/casafreitas.pt\/loja\/produto\/arvore-troncos-micro-led-efeito-neve-25x12x50cm\/","title":{"rendered":"\u00c1rvore de troncos micro led efeito neve 25x12x50cm"},"content":{"rendered":"","protected":false},"excerpt":{"rendered":"<p>\u00c1rvore de troncos micro led efeito neve 25x12x50cm (largura\/profundidade\/altura). funciona 3 pilhas aa (n\u00e3o incluidas). l\u00e2mpadas n\u00e3o substitu\u00edveis<\/p>\n","protected":false},"featured_media":125633,"comment_status":"open","ping_status":"closed","template":"","meta":[],"product_brand":[],"product_cat":[17778,18006],"product_tag":[],"class_list":{"0":"post-125634","1":"product","2":"type-product","3":"status-publish","4":"has-post-thumbnail","6":"product_cat-arvores-iluminadas-diversos-sazonais","7":"product_cat-diversos-sazonais","9":"first","10":"instock","11":"taxable","12":"shipping-taxable","13":"purchasable","14":"product-type-simple"},"_links":{"self":[{"href":"https:\/\/casafreitas.pt\/loja\/wp-json\/wp\/v2\/product\/125634","targetHints":{"allow":["GET"]}}],"collection":[{"href":"https:\/\/casafreitas.pt\/loja\/wp-json\/wp\/v2\/product"}],"about":[{"href":"https:\/\/casafreitas.pt\/loja\/wp-json\/wp\/v2\/types\/product"}],"replies":[{"embeddable":true,"href":"https:\/\/casafreitas.pt\/loja\/wp-json\/wp\/v2\/comments?post=125634"}],"version-history":[{"count":1,"href":"https:\/\/casafreitas.pt\/loja\/wp-json\/wp\/v2\/product\/125634\/revisions"}],"predecessor-version":[{"id":125635,"href":"https:\/\/casafreitas.pt\/loja\/wp-json\/wp\/v2\/product\/125634\/revisions\/125635"}],"wp:featuredmedia":[{"embeddable":true,"href":"https:\/\/casafreitas.pt\/loja\/wp-json\/wp\/v2\/media\/125633"}],"wp:attachment":[{"href":"https:\/\/casafreitas.pt\/loja\/wp-json\/wp\/v2\/media?parent=125634"}],"wp:term":[{"taxonomy":"product_brand","embeddable":true,"href":"https:\/\/casafreitas.pt\/loja\/wp-json\/wp\/v2\/product_brand?post=125634"},{"taxonomy":"product_cat","embeddable":true,"href":"https:\/\/casafreitas.pt\/loja\/wp-json\/wp\/v2\/product_cat?post=125634"},{"taxonomy":"product_tag","embeddable":true,"href":"https:\/\/casafreitas.pt\/loja\/wp-json\/wp\/v2\/product_tag?post=125634"}],"curies":[{"name":"wp","href":"https:\/\/api.w.org\/{rel}","templated":true}]}}