{"id":125574,"date":"2025-10-07T19:47:31","date_gmt":"2025-10-07T19:47:31","guid":{"rendered":"https:\/\/casafreitas.pt\/loja\/produto\/grinalda-pilhas-multifuncoes-96-leds-branco-frio-cabo-preto-ip44-75m\/"},"modified":"2025-10-24T07:19:09","modified_gmt":"2025-10-24T07:19:09","slug":"grinalda-pilhas-multifuncoes-96-leds-branco-frio-cabo-preto-ip44-75m","status":"publish","type":"product","link":"https:\/\/casafreitas.pt\/loja\/produto\/grinalda-pilhas-multifuncoes-96-leds-branco-frio-cabo-preto-ip44-75m\/","title":{"rendered":"Grinalda a pilhas multifun\u00e7\u00f5es 96 leds branco frio cabo preto ip44 7,5m"},"content":{"rendered":"","protected":false},"excerpt":{"rendered":"<p>Grinalda a pilhas multifun\u00e7\u00f5es 96 leds branco frio, cabo preto, para exterior ip44, 3 pilhas aa (n\u00e3o inclu\u00eddas). dist\u00e2ncia entre l\u00e2mpadas 7,5cm. programador 8 fun\u00e7\u00f5es com mem\u00f3ria + temporizador (6h ligado 18h apagado) 7m<\/p>\n","protected":false},"featured_media":125573,"comment_status":"open","ping_status":"closed","template":"","meta":[],"product_brand":[],"product_cat":[17802,18006],"product_tag":[],"class_list":{"0":"post-125574","1":"product","2":"type-product","3":"status-publish","4":"has-post-thumbnail","6":"product_cat-grinaldas-a-pilhas-diversos-sazonais","7":"product_cat-diversos-sazonais","9":"first","10":"instock","11":"taxable","12":"shipping-taxable","13":"purchasable","14":"product-type-simple"},"_links":{"self":[{"href":"https:\/\/casafreitas.pt\/loja\/wp-json\/wp\/v2\/product\/125574","targetHints":{"allow":["GET"]}}],"collection":[{"href":"https:\/\/casafreitas.pt\/loja\/wp-json\/wp\/v2\/product"}],"about":[{"href":"https:\/\/casafreitas.pt\/loja\/wp-json\/wp\/v2\/types\/product"}],"replies":[{"embeddable":true,"href":"https:\/\/casafreitas.pt\/loja\/wp-json\/wp\/v2\/comments?post=125574"}],"version-history":[{"count":1,"href":"https:\/\/casafreitas.pt\/loja\/wp-json\/wp\/v2\/product\/125574\/revisions"}],"predecessor-version":[{"id":125575,"href":"https:\/\/casafreitas.pt\/loja\/wp-json\/wp\/v2\/product\/125574\/revisions\/125575"}],"wp:featuredmedia":[{"embeddable":true,"href":"https:\/\/casafreitas.pt\/loja\/wp-json\/wp\/v2\/media\/125573"}],"wp:attachment":[{"href":"https:\/\/casafreitas.pt\/loja\/wp-json\/wp\/v2\/media?parent=125574"}],"wp:term":[{"taxonomy":"product_brand","embeddable":true,"href":"https:\/\/casafreitas.pt\/loja\/wp-json\/wp\/v2\/product_brand?post=125574"},{"taxonomy":"product_cat","embeddable":true,"href":"https:\/\/casafreitas.pt\/loja\/wp-json\/wp\/v2\/product_cat?post=125574"},{"taxonomy":"product_tag","embeddable":true,"href":"https:\/\/casafreitas.pt\/loja\/wp-json\/wp\/v2\/product_tag?post=125574"}],"curies":[{"name":"wp","href":"https:\/\/api.w.org\/{rel}","templated":true}]}}