{"id":125532,"date":"2025-10-07T19:40:43","date_gmt":"2025-10-07T19:40:43","guid":{"rendered":"https:\/\/casafreitas.pt\/loja\/produto\/grinalda-multifuncoes-320-leds-branco-quente-220v-ip44-27m\/"},"modified":"2025-10-24T07:19:08","modified_gmt":"2025-10-24T07:19:08","slug":"grinalda-multifuncoes-320-leds-branco-quente-220v-ip44-27m","status":"publish","type":"product","link":"https:\/\/casafreitas.pt\/loja\/produto\/grinalda-multifuncoes-320-leds-branco-quente-220v-ip44-27m\/","title":{"rendered":"Grinalda multifun\u00e7\u00f5es 320 leds branco quente 220v ip44 27m"},"content":{"rendered":"","protected":false},"excerpt":{"rendered":"<p>Grinalda multifun\u00e7\u00f5es 320 leds branco quente 220v ip44 27m. cabo verde. dist\u00e2ncia entre l\u00e2mpadas 7,5 cm, led 5mm. programador 8 fun\u00e7\u00f5es e mem\u00f3ria, adaptador ce.cabo de alimenta\u00e7\u00e3o 3m. dist\u00e2ncia entre a primeira e a \u00faltima l\u00e2mpada 24m. comprimento total: 27m<\/p>\n","protected":false},"featured_media":125531,"comment_status":"open","ping_status":"closed","template":"","meta":[],"product_brand":[],"product_cat":[17805,18006],"product_tag":[],"class_list":{"0":"post-125532","1":"product","2":"type-product","3":"status-publish","4":"has-post-thumbnail","6":"product_cat-guirlandas-multifuncionais-para-exterior-diversos-sazonais","7":"product_cat-diversos-sazonais","9":"first","10":"instock","11":"taxable","12":"shipping-taxable","13":"purchasable","14":"product-type-simple"},"_links":{"self":[{"href":"https:\/\/casafreitas.pt\/loja\/wp-json\/wp\/v2\/product\/125532","targetHints":{"allow":["GET"]}}],"collection":[{"href":"https:\/\/casafreitas.pt\/loja\/wp-json\/wp\/v2\/product"}],"about":[{"href":"https:\/\/casafreitas.pt\/loja\/wp-json\/wp\/v2\/types\/product"}],"replies":[{"embeddable":true,"href":"https:\/\/casafreitas.pt\/loja\/wp-json\/wp\/v2\/comments?post=125532"}],"version-history":[{"count":1,"href":"https:\/\/casafreitas.pt\/loja\/wp-json\/wp\/v2\/product\/125532\/revisions"}],"predecessor-version":[{"id":125533,"href":"https:\/\/casafreitas.pt\/loja\/wp-json\/wp\/v2\/product\/125532\/revisions\/125533"}],"wp:featuredmedia":[{"embeddable":true,"href":"https:\/\/casafreitas.pt\/loja\/wp-json\/wp\/v2\/media\/125531"}],"wp:attachment":[{"href":"https:\/\/casafreitas.pt\/loja\/wp-json\/wp\/v2\/media?parent=125532"}],"wp:term":[{"taxonomy":"product_brand","embeddable":true,"href":"https:\/\/casafreitas.pt\/loja\/wp-json\/wp\/v2\/product_brand?post=125532"},{"taxonomy":"product_cat","embeddable":true,"href":"https:\/\/casafreitas.pt\/loja\/wp-json\/wp\/v2\/product_cat?post=125532"},{"taxonomy":"product_tag","embeddable":true,"href":"https:\/\/casafreitas.pt\/loja\/wp-json\/wp\/v2\/product_tag?post=125532"}],"curies":[{"name":"wp","href":"https:\/\/api.w.org\/{rel}","templated":true}]}}