{"id":125520,"date":"2025-10-07T19:38:47","date_gmt":"2025-10-07T19:38:47","guid":{"rendered":"https:\/\/casafreitas.pt\/loja\/produto\/grinalda-pilhas-multifuncoes-96-leds-branco-quente-cabo-preto-ip44-75m\/"},"modified":"2025-10-24T07:19:08","modified_gmt":"2025-10-24T07:19:08","slug":"grinalda-pilhas-multifuncoes-96-leds-branco-quente-cabo-preto-ip44-75m","status":"publish","type":"product","link":"https:\/\/casafreitas.pt\/loja\/produto\/grinalda-pilhas-multifuncoes-96-leds-branco-quente-cabo-preto-ip44-75m\/","title":{"rendered":"Grinalda a pilhas multifun\u00e7\u00f5es 96 leds branco quente cabo preto ip44 7,5m"},"content":{"rendered":"","protected":false},"excerpt":{"rendered":"<p>Grinalda a pilhas multifun\u00e7\u00f5es 96 leds branco quente cabo preto 7,5m. 3 pilhas aa (n\u00e3o inclu\u00eddas). para exterior ip44. dist\u00e2ncia entre l\u00e2mpadas 7,5mm. l\u00e2mpadas led de 19cm. programador 8 fun\u00e7\u00f5es com mem\u00f3ria + temporizador (6h ligado 18h desligado) . cabo de alimenta\u00e7\u00e3o 50cm. dist\u00e2ncia entre a primeira e a \u00faltima l\u00e2mpada 7m. comprimento total: 7,50m<\/p>\n","protected":false},"featured_media":125519,"comment_status":"open","ping_status":"closed","template":"","meta":[],"product_brand":[],"product_cat":[17802,18006],"product_tag":[],"class_list":{"0":"post-125520","1":"product","2":"type-product","3":"status-publish","4":"has-post-thumbnail","6":"product_cat-grinaldas-a-pilhas-diversos-sazonais","7":"product_cat-diversos-sazonais","9":"first","10":"instock","11":"taxable","12":"shipping-taxable","13":"purchasable","14":"product-type-simple"},"_links":{"self":[{"href":"https:\/\/casafreitas.pt\/loja\/wp-json\/wp\/v2\/product\/125520","targetHints":{"allow":["GET"]}}],"collection":[{"href":"https:\/\/casafreitas.pt\/loja\/wp-json\/wp\/v2\/product"}],"about":[{"href":"https:\/\/casafreitas.pt\/loja\/wp-json\/wp\/v2\/types\/product"}],"replies":[{"embeddable":true,"href":"https:\/\/casafreitas.pt\/loja\/wp-json\/wp\/v2\/comments?post=125520"}],"version-history":[{"count":1,"href":"https:\/\/casafreitas.pt\/loja\/wp-json\/wp\/v2\/product\/125520\/revisions"}],"predecessor-version":[{"id":125521,"href":"https:\/\/casafreitas.pt\/loja\/wp-json\/wp\/v2\/product\/125520\/revisions\/125521"}],"wp:featuredmedia":[{"embeddable":true,"href":"https:\/\/casafreitas.pt\/loja\/wp-json\/wp\/v2\/media\/125519"}],"wp:attachment":[{"href":"https:\/\/casafreitas.pt\/loja\/wp-json\/wp\/v2\/media?parent=125520"}],"wp:term":[{"taxonomy":"product_brand","embeddable":true,"href":"https:\/\/casafreitas.pt\/loja\/wp-json\/wp\/v2\/product_brand?post=125520"},{"taxonomy":"product_cat","embeddable":true,"href":"https:\/\/casafreitas.pt\/loja\/wp-json\/wp\/v2\/product_cat?post=125520"},{"taxonomy":"product_tag","embeddable":true,"href":"https:\/\/casafreitas.pt\/loja\/wp-json\/wp\/v2\/product_tag?post=125520"}],"curies":[{"name":"wp","href":"https:\/\/api.w.org\/{rel}","templated":true}]}}