{"id":125382,"date":"2025-10-07T19:16:25","date_gmt":"2025-10-07T19:16:25","guid":{"rendered":"https:\/\/casafreitas.pt\/loja\/produto\/cortina-branco-quente-192-leds-especial-para-arvores-ip44-208m-altura\/"},"modified":"2025-10-24T07:19:04","modified_gmt":"2025-10-24T07:19:04","slug":"cortina-branco-quente-192-leds-especial-para-arvores-ip44-208m-altura","status":"publish","type":"product","link":"https:\/\/casafreitas.pt\/loja\/produto\/cortina-branco-quente-192-leds-especial-para-arvores-ip44-208m-altura\/","title":{"rendered":"Cortina branco quente 192 leds especial para \u00e1rvores ip44 2,08m (altura)"},"content":{"rendered":"","protected":false},"excerpt":{"rendered":"<p>Cortina branco quente 192 leds especial para \u00e1rvores ip44 2,08m (altura). apto para uso em exterior ip44. led 5mm. cabo 5m. dist\u00e2ncia entre as l\u00e2mpadas 10cm. comprimento 2m. 6 cordas x 20 leda. 6 ganchos de fixa\u00e7\u00e3o. cabo preto. anel met\u00e1lico. di\u00e2metro 9cm. aro met\u00e1lico ip44 com transformador. 140x75x170mm<\/p>\n","protected":false},"featured_media":125381,"comment_status":"open","ping_status":"closed","template":"","meta":[],"product_brand":[],"product_cat":[17788,18006],"product_tag":[],"class_list":{"0":"post-125382","1":"product","2":"type-product","3":"status-publish","4":"has-post-thumbnail","6":"product_cat-cortinas-flash-intermitentes-icicle-diversos-sazonais","7":"product_cat-diversos-sazonais","9":"first","10":"instock","11":"taxable","12":"shipping-taxable","13":"purchasable","14":"product-type-simple"},"_links":{"self":[{"href":"https:\/\/casafreitas.pt\/loja\/wp-json\/wp\/v2\/product\/125382","targetHints":{"allow":["GET"]}}],"collection":[{"href":"https:\/\/casafreitas.pt\/loja\/wp-json\/wp\/v2\/product"}],"about":[{"href":"https:\/\/casafreitas.pt\/loja\/wp-json\/wp\/v2\/types\/product"}],"replies":[{"embeddable":true,"href":"https:\/\/casafreitas.pt\/loja\/wp-json\/wp\/v2\/comments?post=125382"}],"version-history":[{"count":1,"href":"https:\/\/casafreitas.pt\/loja\/wp-json\/wp\/v2\/product\/125382\/revisions"}],"predecessor-version":[{"id":125383,"href":"https:\/\/casafreitas.pt\/loja\/wp-json\/wp\/v2\/product\/125382\/revisions\/125383"}],"wp:featuredmedia":[{"embeddable":true,"href":"https:\/\/casafreitas.pt\/loja\/wp-json\/wp\/v2\/media\/125381"}],"wp:attachment":[{"href":"https:\/\/casafreitas.pt\/loja\/wp-json\/wp\/v2\/media?parent=125382"}],"wp:term":[{"taxonomy":"product_brand","embeddable":true,"href":"https:\/\/casafreitas.pt\/loja\/wp-json\/wp\/v2\/product_brand?post=125382"},{"taxonomy":"product_cat","embeddable":true,"href":"https:\/\/casafreitas.pt\/loja\/wp-json\/wp\/v2\/product_cat?post=125382"},{"taxonomy":"product_tag","embeddable":true,"href":"https:\/\/casafreitas.pt\/loja\/wp-json\/wp\/v2\/product_tag?post=125382"}],"curies":[{"name":"wp","href":"https:\/\/api.w.org\/{rel}","templated":true}]}}