{"id":125358,"date":"2025-10-07T19:12:30","date_gmt":"2025-10-07T19:12:30","guid":{"rendered":"https:\/\/casafreitas.pt\/loja\/produto\/lanterna-branca-com-vela-led-105-x-105-x-23-cm\/"},"modified":"2025-10-24T07:19:03","modified_gmt":"2025-10-24T07:19:03","slug":"lanterna-branca-com-vela-led-105-x-105-x-23-cm","status":"publish","type":"product","link":"https:\/\/casafreitas.pt\/loja\/produto\/lanterna-branca-com-vela-led-105-x-105-x-23-cm\/","title":{"rendered":"Lanterna branca com vela led 10,5 x 10,5 x 23 cm"},"content":{"rendered":"","protected":false},"excerpt":{"rendered":"<p>Lanterna branca com vela led. dimens\u00f5es: 10,5 x 10,5 x 23 cm, utiliza\u00e7\u00e3o: interior, cor do led: luz quente, com temporizador de 6 horas, funciona com 3 pilhas aaa (n\u00e3o inclu\u00eddas)<\/p>\n","protected":false},"featured_media":125357,"comment_status":"open","ping_status":"closed","template":"","meta":[],"product_brand":[],"product_cat":[17817,18006],"product_tag":[],"class_list":{"0":"post-125358","1":"product","2":"type-product","3":"status-publish","4":"has-post-thumbnail","6":"product_cat-velas-casticais-lanternas-diversos-sazonais","7":"product_cat-diversos-sazonais","9":"first","10":"instock","11":"taxable","12":"shipping-taxable","13":"purchasable","14":"product-type-simple"},"_links":{"self":[{"href":"https:\/\/casafreitas.pt\/loja\/wp-json\/wp\/v2\/product\/125358","targetHints":{"allow":["GET"]}}],"collection":[{"href":"https:\/\/casafreitas.pt\/loja\/wp-json\/wp\/v2\/product"}],"about":[{"href":"https:\/\/casafreitas.pt\/loja\/wp-json\/wp\/v2\/types\/product"}],"replies":[{"embeddable":true,"href":"https:\/\/casafreitas.pt\/loja\/wp-json\/wp\/v2\/comments?post=125358"}],"version-history":[{"count":1,"href":"https:\/\/casafreitas.pt\/loja\/wp-json\/wp\/v2\/product\/125358\/revisions"}],"predecessor-version":[{"id":125359,"href":"https:\/\/casafreitas.pt\/loja\/wp-json\/wp\/v2\/product\/125358\/revisions\/125359"}],"wp:featuredmedia":[{"embeddable":true,"href":"https:\/\/casafreitas.pt\/loja\/wp-json\/wp\/v2\/media\/125357"}],"wp:attachment":[{"href":"https:\/\/casafreitas.pt\/loja\/wp-json\/wp\/v2\/media?parent=125358"}],"wp:term":[{"taxonomy":"product_brand","embeddable":true,"href":"https:\/\/casafreitas.pt\/loja\/wp-json\/wp\/v2\/product_brand?post=125358"},{"taxonomy":"product_cat","embeddable":true,"href":"https:\/\/casafreitas.pt\/loja\/wp-json\/wp\/v2\/product_cat?post=125358"},{"taxonomy":"product_tag","embeddable":true,"href":"https:\/\/casafreitas.pt\/loja\/wp-json\/wp\/v2\/product_tag?post=125358"}],"curies":[{"name":"wp","href":"https:\/\/api.w.org\/{rel}","templated":true}]}}