{"id":125343,"date":"2025-10-07T19:10:03","date_gmt":"2025-10-07T19:10:03","guid":{"rendered":"https:\/\/casafreitas.pt\/loja\/produto\/arvore-natal-rattan-com-20-leds-em-forma-cone-40-cm\/"},"modified":"2025-10-24T07:19:03","modified_gmt":"2025-10-24T07:19:03","slug":"arvore-natal-rattan-com-20-leds-em-forma-cone-40-cm","status":"publish","type":"product","link":"https:\/\/casafreitas.pt\/loja\/produto\/arvore-natal-rattan-com-20-leds-em-forma-cone-40-cm\/","title":{"rendered":"\u00c1rvore de natal de rattan com 20 leds em forma de cone 40 cm"},"content":{"rendered":"","protected":false},"excerpt":{"rendered":"<p>\u00c1rvore de natal de rattan com 20 leds em forma de cone 40 cm (altura). funcionamiento com 2 pilhas aa (n\u00e3o inclu\u00eddas)<\/p>\n","protected":false},"featured_media":125342,"comment_status":"open","ping_status":"closed","template":"","meta":[],"product_brand":[],"product_cat":[17778,18006],"product_tag":[],"class_list":{"0":"post-125343","1":"product","2":"type-product","3":"status-publish","4":"has-post-thumbnail","6":"product_cat-arvores-iluminadas-diversos-sazonais","7":"product_cat-diversos-sazonais","9":"first","10":"instock","11":"taxable","12":"shipping-taxable","13":"purchasable","14":"product-type-simple"},"_links":{"self":[{"href":"https:\/\/casafreitas.pt\/loja\/wp-json\/wp\/v2\/product\/125343","targetHints":{"allow":["GET"]}}],"collection":[{"href":"https:\/\/casafreitas.pt\/loja\/wp-json\/wp\/v2\/product"}],"about":[{"href":"https:\/\/casafreitas.pt\/loja\/wp-json\/wp\/v2\/types\/product"}],"replies":[{"embeddable":true,"href":"https:\/\/casafreitas.pt\/loja\/wp-json\/wp\/v2\/comments?post=125343"}],"version-history":[{"count":1,"href":"https:\/\/casafreitas.pt\/loja\/wp-json\/wp\/v2\/product\/125343\/revisions"}],"predecessor-version":[{"id":125344,"href":"https:\/\/casafreitas.pt\/loja\/wp-json\/wp\/v2\/product\/125343\/revisions\/125344"}],"wp:featuredmedia":[{"embeddable":true,"href":"https:\/\/casafreitas.pt\/loja\/wp-json\/wp\/v2\/media\/125342"}],"wp:attachment":[{"href":"https:\/\/casafreitas.pt\/loja\/wp-json\/wp\/v2\/media?parent=125343"}],"wp:term":[{"taxonomy":"product_brand","embeddable":true,"href":"https:\/\/casafreitas.pt\/loja\/wp-json\/wp\/v2\/product_brand?post=125343"},{"taxonomy":"product_cat","embeddable":true,"href":"https:\/\/casafreitas.pt\/loja\/wp-json\/wp\/v2\/product_cat?post=125343"},{"taxonomy":"product_tag","embeddable":true,"href":"https:\/\/casafreitas.pt\/loja\/wp-json\/wp\/v2\/product_tag?post=125343"}],"curies":[{"name":"wp","href":"https:\/\/api.w.org\/{rel}","templated":true}]}}