{"id":125265,"date":"2025-10-07T18:57:17","date_gmt":"2025-10-07T18:57:17","guid":{"rendered":"https:\/\/casafreitas.pt\/loja\/produto\/grinalda-micro-led-fixo-640-leds-para-arvores-branco-quente-exterior-19-m\/"},"modified":"2025-10-24T07:19:02","modified_gmt":"2025-10-24T07:19:02","slug":"grinalda-micro-led-fixo-640-leds-para-arvores-branco-quente-exterior-19-m","status":"publish","type":"product","link":"https:\/\/casafreitas.pt\/loja\/produto\/grinalda-micro-led-fixo-640-leds-para-arvores-branco-quente-exterior-19-m\/","title":{"rendered":"Grinalda micro led fixo, 640 leds, para \u00e1rvores, branco quente, exterior, 1,9 m"},"content":{"rendered":"","protected":false},"excerpt":{"rendered":"<p>Grinalda fixa de micro leds para \u00e1rvores, 640 leds, branco quente, 220 &#8211; 240 v 50\/60 hz, ip44 de exterior, cabo transparente, 32 tiras de 1,9 m com 20 leds cada; l\u00e2mpadas n\u00e3o substitu\u00edveis, cabo de alimenta\u00e7\u00e3o de 5 m, temporizador: 8 h ligado \/ 16 h desligado, inclui anel para pendurar. comprimento total: 6,9 m<\/p>\n","protected":false},"featured_media":125264,"comment_status":"open","ping_status":"closed","template":"","meta":[],"product_brand":[],"product_cat":[17804,18006],"product_tag":[],"class_list":{"0":"post-125265","1":"product","2":"type-product","3":"status-publish","4":"has-post-thumbnail","6":"product_cat-grinaldas-funcao-fixa-diversos-sazonais","7":"product_cat-diversos-sazonais","9":"first","10":"instock","11":"taxable","12":"shipping-taxable","13":"purchasable","14":"product-type-simple"},"_links":{"self":[{"href":"https:\/\/casafreitas.pt\/loja\/wp-json\/wp\/v2\/product\/125265","targetHints":{"allow":["GET"]}}],"collection":[{"href":"https:\/\/casafreitas.pt\/loja\/wp-json\/wp\/v2\/product"}],"about":[{"href":"https:\/\/casafreitas.pt\/loja\/wp-json\/wp\/v2\/types\/product"}],"replies":[{"embeddable":true,"href":"https:\/\/casafreitas.pt\/loja\/wp-json\/wp\/v2\/comments?post=125265"}],"version-history":[{"count":1,"href":"https:\/\/casafreitas.pt\/loja\/wp-json\/wp\/v2\/product\/125265\/revisions"}],"predecessor-version":[{"id":125266,"href":"https:\/\/casafreitas.pt\/loja\/wp-json\/wp\/v2\/product\/125265\/revisions\/125266"}],"wp:featuredmedia":[{"embeddable":true,"href":"https:\/\/casafreitas.pt\/loja\/wp-json\/wp\/v2\/media\/125264"}],"wp:attachment":[{"href":"https:\/\/casafreitas.pt\/loja\/wp-json\/wp\/v2\/media?parent=125265"}],"wp:term":[{"taxonomy":"product_brand","embeddable":true,"href":"https:\/\/casafreitas.pt\/loja\/wp-json\/wp\/v2\/product_brand?post=125265"},{"taxonomy":"product_cat","embeddable":true,"href":"https:\/\/casafreitas.pt\/loja\/wp-json\/wp\/v2\/product_cat?post=125265"},{"taxonomy":"product_tag","embeddable":true,"href":"https:\/\/casafreitas.pt\/loja\/wp-json\/wp\/v2\/product_tag?post=125265"}],"curies":[{"name":"wp","href":"https:\/\/api.w.org\/{rel}","templated":true}]}}