{"id":125262,"date":"2025-10-07T18:56:48","date_gmt":"2025-10-07T18:56:48","guid":{"rendered":"https:\/\/casafreitas.pt\/loja\/produto\/grinalda-micro-led-567-leds-multifuncoes-branco-quente-exterior-9-m\/"},"modified":"2025-10-24T07:19:02","modified_gmt":"2025-10-24T07:19:02","slug":"grinalda-micro-led-567-leds-multifuncoes-branco-quente-exterior-9-m","status":"publish","type":"product","link":"https:\/\/casafreitas.pt\/loja\/produto\/grinalda-micro-led-567-leds-multifuncoes-branco-quente-exterior-9-m\/","title":{"rendered":"Grinalda micro led, 567 leds, multifun\u00e7\u00f5es, branco quente, exterior, 9 m"},"content":{"rendered":"","protected":false},"excerpt":{"rendered":"<p>Grinalda micro led, 567 leds, branco quente, 220 &#8211; 240 v, 50\/60 hz, ip44, cabo prateado, 8 fun\u00e7\u00f5es de efeito intermitente, incluindo modo fixo, adaptador ce, cabo de alimenta\u00e7\u00e3o: 5 m. dist\u00e2ncia entre a primeira e a \u00faltima l\u00e2mpada: 9 m; dist\u00e2ncia entre l\u00e2mpadas: 1,6 cm. mais de 60 leds por metro; grinalda total: 14 m, temporizador: 8 h ligado \/ 16 h desligado<\/p>\n","protected":false},"featured_media":125261,"comment_status":"open","ping_status":"closed","template":"","meta":[],"product_brand":[],"product_cat":[17806,18006],"product_tag":[],"class_list":{"0":"post-125262","1":"product","2":"type-product","3":"status-publish","4":"has-post-thumbnail","6":"product_cat-guirlandas-multifuncionais-para-interiores-diversos-sazonais","7":"product_cat-diversos-sazonais","9":"first","10":"instock","11":"taxable","12":"shipping-taxable","13":"purchasable","14":"product-type-simple"},"_links":{"self":[{"href":"https:\/\/casafreitas.pt\/loja\/wp-json\/wp\/v2\/product\/125262","targetHints":{"allow":["GET"]}}],"collection":[{"href":"https:\/\/casafreitas.pt\/loja\/wp-json\/wp\/v2\/product"}],"about":[{"href":"https:\/\/casafreitas.pt\/loja\/wp-json\/wp\/v2\/types\/product"}],"replies":[{"embeddable":true,"href":"https:\/\/casafreitas.pt\/loja\/wp-json\/wp\/v2\/comments?post=125262"}],"version-history":[{"count":1,"href":"https:\/\/casafreitas.pt\/loja\/wp-json\/wp\/v2\/product\/125262\/revisions"}],"predecessor-version":[{"id":125263,"href":"https:\/\/casafreitas.pt\/loja\/wp-json\/wp\/v2\/product\/125262\/revisions\/125263"}],"wp:featuredmedia":[{"embeddable":true,"href":"https:\/\/casafreitas.pt\/loja\/wp-json\/wp\/v2\/media\/125261"}],"wp:attachment":[{"href":"https:\/\/casafreitas.pt\/loja\/wp-json\/wp\/v2\/media?parent=125262"}],"wp:term":[{"taxonomy":"product_brand","embeddable":true,"href":"https:\/\/casafreitas.pt\/loja\/wp-json\/wp\/v2\/product_brand?post=125262"},{"taxonomy":"product_cat","embeddable":true,"href":"https:\/\/casafreitas.pt\/loja\/wp-json\/wp\/v2\/product_cat?post=125262"},{"taxonomy":"product_tag","embeddable":true,"href":"https:\/\/casafreitas.pt\/loja\/wp-json\/wp\/v2\/product_tag?post=125262"}],"curies":[{"name":"wp","href":"https:\/\/api.w.org\/{rel}","templated":true}]}}