{"id":125232,"date":"2025-10-07T18:51:54","date_gmt":"2025-10-07T18:51:54","guid":{"rendered":"https:\/\/casafreitas.pt\/loja\/produto\/grinalda-led-tipo-espinho-400-leds-extra-11m\/"},"modified":"2025-10-24T07:19:01","modified_gmt":"2025-10-24T07:19:01","slug":"grinalda-led-tipo-espinho-400-leds-extra-11m","status":"publish","type":"product","link":"https:\/\/casafreitas.pt\/loja\/produto\/grinalda-led-tipo-espinho-400-leds-extra-11m\/","title":{"rendered":"Grinalda led &#8220;tipo espinho&#8221; 400 leds extra 11m"},"content":{"rendered":"","protected":false},"excerpt":{"rendered":"<p>Grinalda led &#8220;tipo espinho&#8221; 400 leds multifun\u00e7\u00f5es extra. l\u00e2mpadas de 5mm. cabo verde. dist\u00e2ncia entre l\u00e2mpadas de 2cm. adaptador ip44. inclui programador com mem\u00f3ria e 8 fun\u00e7\u00f5es. de 3v\/2ma. cabo de alimenta\u00e7\u00e3o 3m. dist\u00e2ncia entre a primeira e a \u00faltima l\u00e2mpada 8m. comprimento total 11m<\/p>\n","protected":false},"featured_media":125231,"comment_status":"open","ping_status":"closed","template":"","meta":[],"product_brand":[],"product_cat":[17805,18006],"product_tag":[],"class_list":{"0":"post-125232","1":"product","2":"type-product","3":"status-publish","4":"has-post-thumbnail","6":"product_cat-guirlandas-multifuncionais-para-exterior-diversos-sazonais","7":"product_cat-diversos-sazonais","9":"first","10":"instock","11":"taxable","12":"shipping-taxable","13":"purchasable","14":"product-type-simple"},"_links":{"self":[{"href":"https:\/\/casafreitas.pt\/loja\/wp-json\/wp\/v2\/product\/125232","targetHints":{"allow":["GET"]}}],"collection":[{"href":"https:\/\/casafreitas.pt\/loja\/wp-json\/wp\/v2\/product"}],"about":[{"href":"https:\/\/casafreitas.pt\/loja\/wp-json\/wp\/v2\/types\/product"}],"replies":[{"embeddable":true,"href":"https:\/\/casafreitas.pt\/loja\/wp-json\/wp\/v2\/comments?post=125232"}],"version-history":[{"count":1,"href":"https:\/\/casafreitas.pt\/loja\/wp-json\/wp\/v2\/product\/125232\/revisions"}],"predecessor-version":[{"id":125233,"href":"https:\/\/casafreitas.pt\/loja\/wp-json\/wp\/v2\/product\/125232\/revisions\/125233"}],"wp:featuredmedia":[{"embeddable":true,"href":"https:\/\/casafreitas.pt\/loja\/wp-json\/wp\/v2\/media\/125231"}],"wp:attachment":[{"href":"https:\/\/casafreitas.pt\/loja\/wp-json\/wp\/v2\/media?parent=125232"}],"wp:term":[{"taxonomy":"product_brand","embeddable":true,"href":"https:\/\/casafreitas.pt\/loja\/wp-json\/wp\/v2\/product_brand?post=125232"},{"taxonomy":"product_cat","embeddable":true,"href":"https:\/\/casafreitas.pt\/loja\/wp-json\/wp\/v2\/product_cat?post=125232"},{"taxonomy":"product_tag","embeddable":true,"href":"https:\/\/casafreitas.pt\/loja\/wp-json\/wp\/v2\/product_tag?post=125232"}],"curies":[{"name":"wp","href":"https:\/\/api.w.org\/{rel}","templated":true}]}}