{"id":125211,"date":"2025-10-07T18:48:30","date_gmt":"2025-10-07T18:48:30","guid":{"rendered":"https:\/\/casafreitas.pt\/loja\/produto\/estabulo-vazio-para-presepio-50-x-22-x-31-cm\/"},"modified":"2025-10-24T07:19:01","modified_gmt":"2025-10-24T07:19:01","slug":"estabulo-vazio-para-presepio-50-x-22-x-31-cm","status":"publish","type":"product","link":"https:\/\/casafreitas.pt\/loja\/produto\/estabulo-vazio-para-presepio-50-x-22-x-31-cm\/","title":{"rendered":"Est\u00e1bulo vazio para pres\u00e9pio 50 x 22 x 31 cm"},"content":{"rendered":"","protected":false},"excerpt":{"rendered":"<p>Est\u00e1bulo vazio para pres\u00e9pio 50 x 22 x 31 cm<\/p>\n","protected":false},"featured_media":125210,"comment_status":"open","ping_status":"closed","template":"","meta":[],"product_brand":[],"product_cat":[17812,18006],"product_tag":[],"class_list":{"0":"post-125211","1":"product","2":"type-product","3":"status-publish","4":"has-post-thumbnail","6":"product_cat-presepios-e-acessorios-diversos-sazonais","7":"product_cat-diversos-sazonais","9":"first","10":"instock","11":"taxable","12":"shipping-taxable","13":"purchasable","14":"product-type-simple"},"_links":{"self":[{"href":"https:\/\/casafreitas.pt\/loja\/wp-json\/wp\/v2\/product\/125211","targetHints":{"allow":["GET"]}}],"collection":[{"href":"https:\/\/casafreitas.pt\/loja\/wp-json\/wp\/v2\/product"}],"about":[{"href":"https:\/\/casafreitas.pt\/loja\/wp-json\/wp\/v2\/types\/product"}],"replies":[{"embeddable":true,"href":"https:\/\/casafreitas.pt\/loja\/wp-json\/wp\/v2\/comments?post=125211"}],"version-history":[{"count":1,"href":"https:\/\/casafreitas.pt\/loja\/wp-json\/wp\/v2\/product\/125211\/revisions"}],"predecessor-version":[{"id":125212,"href":"https:\/\/casafreitas.pt\/loja\/wp-json\/wp\/v2\/product\/125211\/revisions\/125212"}],"wp:featuredmedia":[{"embeddable":true,"href":"https:\/\/casafreitas.pt\/loja\/wp-json\/wp\/v2\/media\/125210"}],"wp:attachment":[{"href":"https:\/\/casafreitas.pt\/loja\/wp-json\/wp\/v2\/media?parent=125211"}],"wp:term":[{"taxonomy":"product_brand","embeddable":true,"href":"https:\/\/casafreitas.pt\/loja\/wp-json\/wp\/v2\/product_brand?post=125211"},{"taxonomy":"product_cat","embeddable":true,"href":"https:\/\/casafreitas.pt\/loja\/wp-json\/wp\/v2\/product_cat?post=125211"},{"taxonomy":"product_tag","embeddable":true,"href":"https:\/\/casafreitas.pt\/loja\/wp-json\/wp\/v2\/product_tag?post=125211"}],"curies":[{"name":"wp","href":"https:\/\/api.w.org\/{rel}","templated":true}]}}