{"id":125205,"date":"2025-10-07T18:47:32","date_gmt":"2025-10-07T18:47:32","guid":{"rendered":"https:\/\/casafreitas.pt\/loja\/produto\/enfeite-arvore-natal-em-madeira-flocos-neve-varios-padroes-12-x-07-x-12-cm\/"},"modified":"2025-10-24T07:19:01","modified_gmt":"2025-10-24T07:19:01","slug":"enfeite-arvore-natal-em-madeira-flocos-neve-varios-padroes-12-x-07-x-12-cm","status":"publish","type":"product","link":"https:\/\/casafreitas.pt\/loja\/produto\/enfeite-arvore-natal-em-madeira-flocos-neve-varios-padroes-12-x-07-x-12-cm\/","title":{"rendered":"Enfeite de \u00e1rvore de natal em madeira, flocos de neve, v\u00e1rios padr\u00f5es, 12 x 0,7 x 12 cm"},"content":{"rendered":"","protected":false},"excerpt":{"rendered":"<p>Enfeite de \u00e1rvore de natal em madeira em forma de flocos de neve, modelos variados, 12 x 0,7 x 12 cm<\/p>\n","protected":false},"featured_media":125204,"comment_status":"open","ping_status":"closed","template":"","meta":[],"product_brand":[],"product_cat":[17789,18006],"product_tag":[],"class_list":{"0":"post-125205","1":"product","2":"type-product","3":"status-publish","4":"has-post-thumbnail","6":"product_cat-decoracao-de-arvore-de-natal-diversos-sazonais","7":"product_cat-diversos-sazonais","9":"first","10":"instock","11":"taxable","12":"shipping-taxable","13":"purchasable","14":"product-type-simple"},"_links":{"self":[{"href":"https:\/\/casafreitas.pt\/loja\/wp-json\/wp\/v2\/product\/125205","targetHints":{"allow":["GET"]}}],"collection":[{"href":"https:\/\/casafreitas.pt\/loja\/wp-json\/wp\/v2\/product"}],"about":[{"href":"https:\/\/casafreitas.pt\/loja\/wp-json\/wp\/v2\/types\/product"}],"replies":[{"embeddable":true,"href":"https:\/\/casafreitas.pt\/loja\/wp-json\/wp\/v2\/comments?post=125205"}],"version-history":[{"count":1,"href":"https:\/\/casafreitas.pt\/loja\/wp-json\/wp\/v2\/product\/125205\/revisions"}],"predecessor-version":[{"id":125206,"href":"https:\/\/casafreitas.pt\/loja\/wp-json\/wp\/v2\/product\/125205\/revisions\/125206"}],"wp:featuredmedia":[{"embeddable":true,"href":"https:\/\/casafreitas.pt\/loja\/wp-json\/wp\/v2\/media\/125204"}],"wp:attachment":[{"href":"https:\/\/casafreitas.pt\/loja\/wp-json\/wp\/v2\/media?parent=125205"}],"wp:term":[{"taxonomy":"product_brand","embeddable":true,"href":"https:\/\/casafreitas.pt\/loja\/wp-json\/wp\/v2\/product_brand?post=125205"},{"taxonomy":"product_cat","embeddable":true,"href":"https:\/\/casafreitas.pt\/loja\/wp-json\/wp\/v2\/product_cat?post=125205"},{"taxonomy":"product_tag","embeddable":true,"href":"https:\/\/casafreitas.pt\/loja\/wp-json\/wp\/v2\/product_tag?post=125205"}],"curies":[{"name":"wp","href":"https:\/\/api.w.org\/{rel}","templated":true}]}}