{"id":125199,"date":"2025-10-07T18:46:31","date_gmt":"2025-10-07T18:46:31","guid":{"rendered":"https:\/\/casafreitas.pt\/loja\/produto\/guirlanda-pilhas-funcao-fixa-40leds-cabo-fio-prateado-luz-multicor-195cm\/"},"modified":"2025-10-24T07:19:01","modified_gmt":"2025-10-24T07:19:01","slug":"guirlanda-pilhas-funcao-fixa-40leds-cabo-fio-prateado-luz-multicor-195cm","status":"publish","type":"product","link":"https:\/\/casafreitas.pt\/loja\/produto\/guirlanda-pilhas-funcao-fixa-40leds-cabo-fio-prateado-luz-multicor-195cm\/","title":{"rendered":"Guirlanda a pilhas, fun\u00e7\u00e3o fixa, 40leds, cabo de fio prateado, luz multicor, 195cm"},"content":{"rendered":"","protected":false},"excerpt":{"rendered":"<p>Guirlanda a pilhas, fun\u00e7\u00e3o fixa, 40leds, cabo de fio prateado, luz multicor, 3 x aa pilhas (n\u00e3o inclu\u00eddas), ip20, 5cm de dist\u00e2ncia entre l\u00e2mpadas, 10cm de cabo de alimenta\u00e7\u00e3o. dist\u00e2ncia entre a primeira e a \u00faltima l\u00e2mpada: 195cm. comprimento total: 2,05m<\/p>\n","protected":false},"featured_media":125198,"comment_status":"open","ping_status":"closed","template":"","meta":[],"product_brand":[],"product_cat":[17802,18006],"product_tag":[],"class_list":{"0":"post-125199","1":"product","2":"type-product","3":"status-publish","4":"has-post-thumbnail","6":"product_cat-grinaldas-a-pilhas-diversos-sazonais","7":"product_cat-diversos-sazonais","9":"first","10":"instock","11":"taxable","12":"shipping-taxable","13":"purchasable","14":"product-type-simple"},"_links":{"self":[{"href":"https:\/\/casafreitas.pt\/loja\/wp-json\/wp\/v2\/product\/125199","targetHints":{"allow":["GET"]}}],"collection":[{"href":"https:\/\/casafreitas.pt\/loja\/wp-json\/wp\/v2\/product"}],"about":[{"href":"https:\/\/casafreitas.pt\/loja\/wp-json\/wp\/v2\/types\/product"}],"replies":[{"embeddable":true,"href":"https:\/\/casafreitas.pt\/loja\/wp-json\/wp\/v2\/comments?post=125199"}],"version-history":[{"count":1,"href":"https:\/\/casafreitas.pt\/loja\/wp-json\/wp\/v2\/product\/125199\/revisions"}],"predecessor-version":[{"id":125200,"href":"https:\/\/casafreitas.pt\/loja\/wp-json\/wp\/v2\/product\/125199\/revisions\/125200"}],"wp:featuredmedia":[{"embeddable":true,"href":"https:\/\/casafreitas.pt\/loja\/wp-json\/wp\/v2\/media\/125198"}],"wp:attachment":[{"href":"https:\/\/casafreitas.pt\/loja\/wp-json\/wp\/v2\/media?parent=125199"}],"wp:term":[{"taxonomy":"product_brand","embeddable":true,"href":"https:\/\/casafreitas.pt\/loja\/wp-json\/wp\/v2\/product_brand?post=125199"},{"taxonomy":"product_cat","embeddable":true,"href":"https:\/\/casafreitas.pt\/loja\/wp-json\/wp\/v2\/product_cat?post=125199"},{"taxonomy":"product_tag","embeddable":true,"href":"https:\/\/casafreitas.pt\/loja\/wp-json\/wp\/v2\/product_tag?post=125199"}],"curies":[{"name":"wp","href":"https:\/\/api.w.org\/{rel}","templated":true}]}}