{"id":125163,"date":"2025-10-07T18:40:31","date_gmt":"2025-10-07T18:40:31","guid":{"rendered":"https:\/\/casafreitas.pt\/loja\/produto\/grinalda-pilhas-rgb-20-leds-multicor-esfericos-8mm-ip20-23m\/"},"modified":"2025-10-24T07:19:00","modified_gmt":"2025-10-24T07:19:00","slug":"grinalda-pilhas-rgb-20-leds-multicor-esfericos-8mm-ip20-23m","status":"publish","type":"product","link":"https:\/\/casafreitas.pt\/loja\/produto\/grinalda-pilhas-rgb-20-leds-multicor-esfericos-8mm-ip20-23m\/","title":{"rendered":"Grinalda a pilhas rgb 20 leds multicor esf\u00e9ricos 8mm ip20 2,3m"},"content":{"rendered":"","protected":false},"excerpt":{"rendered":"<p>Grinalda a pilhas rgb 20 leds multicor esf\u00e9ricos 8mm, para interior ip20. 2 pilhas (n\u00e3o inclu\u00eddas). cabo transparente. dist\u00e2ncia entre l\u00e2mpadas 10cm. cabo de alimenta\u00e7\u00e3o 30cm. dist\u00e2ncia entre a primeira e a \u00faltima l\u00e2mpada 2m. comprimento total: 2,3m<\/p>\n","protected":false},"featured_media":125162,"comment_status":"open","ping_status":"closed","template":"","meta":[],"product_brand":[],"product_cat":[17802,18006],"product_tag":[],"class_list":{"0":"post-125163","1":"product","2":"type-product","3":"status-publish","4":"has-post-thumbnail","6":"product_cat-grinaldas-a-pilhas-diversos-sazonais","7":"product_cat-diversos-sazonais","9":"first","10":"instock","11":"taxable","12":"shipping-taxable","13":"purchasable","14":"product-type-simple"},"_links":{"self":[{"href":"https:\/\/casafreitas.pt\/loja\/wp-json\/wp\/v2\/product\/125163","targetHints":{"allow":["GET"]}}],"collection":[{"href":"https:\/\/casafreitas.pt\/loja\/wp-json\/wp\/v2\/product"}],"about":[{"href":"https:\/\/casafreitas.pt\/loja\/wp-json\/wp\/v2\/types\/product"}],"replies":[{"embeddable":true,"href":"https:\/\/casafreitas.pt\/loja\/wp-json\/wp\/v2\/comments?post=125163"}],"version-history":[{"count":1,"href":"https:\/\/casafreitas.pt\/loja\/wp-json\/wp\/v2\/product\/125163\/revisions"}],"predecessor-version":[{"id":125164,"href":"https:\/\/casafreitas.pt\/loja\/wp-json\/wp\/v2\/product\/125163\/revisions\/125164"}],"wp:featuredmedia":[{"embeddable":true,"href":"https:\/\/casafreitas.pt\/loja\/wp-json\/wp\/v2\/media\/125162"}],"wp:attachment":[{"href":"https:\/\/casafreitas.pt\/loja\/wp-json\/wp\/v2\/media?parent=125163"}],"wp:term":[{"taxonomy":"product_brand","embeddable":true,"href":"https:\/\/casafreitas.pt\/loja\/wp-json\/wp\/v2\/product_brand?post=125163"},{"taxonomy":"product_cat","embeddable":true,"href":"https:\/\/casafreitas.pt\/loja\/wp-json\/wp\/v2\/product_cat?post=125163"},{"taxonomy":"product_tag","embeddable":true,"href":"https:\/\/casafreitas.pt\/loja\/wp-json\/wp\/v2\/product_tag?post=125163"}],"curies":[{"name":"wp","href":"https:\/\/api.w.org\/{rel}","templated":true}]}}