{"id":125079,"date":"2025-10-07T18:22:32","date_gmt":"2025-10-07T18:22:32","guid":{"rendered":"https:\/\/casafreitas.pt\/loja\/produto\/grinalda-fixa-micro-led-para-arvore-180-cm-408-leds-luz-quente-para-exteriores\/"},"modified":"2025-10-24T07:18:56","modified_gmt":"2025-10-24T07:18:56","slug":"grinalda-fixa-micro-led-para-arvore-180-cm-408-leds-luz-quente-para-exteriores","status":"publish","type":"product","link":"https:\/\/casafreitas.pt\/loja\/produto\/grinalda-fixa-micro-led-para-arvore-180-cm-408-leds-luz-quente-para-exteriores\/","title":{"rendered":"Grinalda fixa de micro led para \u00e1rvore de 180 cm, 408 leds, luz quente, para exteriores"},"content":{"rendered":"","protected":false},"excerpt":{"rendered":"<p>Grinalda fixa de micro led para \u00e1rvore de 180 cm, 408 leds, luz quente, 220 &#8211; 240 v 50\/60 hz, ip44 para \u00e1reas exteriores, cabo verde, 12 fitas de 34 leds, l\u00e2mpadas n\u00e3o substitu\u00edveis, cabo de alimenta\u00e7\u00e3o de 5 m, temporizador: 8 h ligado \/ 16 h desligado, inclui la\u00e7o para enganchamento<\/p>\n","protected":false},"featured_media":125078,"comment_status":"open","ping_status":"closed","template":"","meta":[],"product_brand":[],"product_cat":[17805,18006],"product_tag":[],"class_list":{"0":"post-125079","1":"product","2":"type-product","3":"status-publish","4":"has-post-thumbnail","6":"product_cat-guirlandas-multifuncionais-para-exterior-diversos-sazonais","7":"product_cat-diversos-sazonais","9":"first","10":"instock","11":"taxable","12":"shipping-taxable","13":"purchasable","14":"product-type-simple"},"_links":{"self":[{"href":"https:\/\/casafreitas.pt\/loja\/wp-json\/wp\/v2\/product\/125079","targetHints":{"allow":["GET"]}}],"collection":[{"href":"https:\/\/casafreitas.pt\/loja\/wp-json\/wp\/v2\/product"}],"about":[{"href":"https:\/\/casafreitas.pt\/loja\/wp-json\/wp\/v2\/types\/product"}],"replies":[{"embeddable":true,"href":"https:\/\/casafreitas.pt\/loja\/wp-json\/wp\/v2\/comments?post=125079"}],"version-history":[{"count":1,"href":"https:\/\/casafreitas.pt\/loja\/wp-json\/wp\/v2\/product\/125079\/revisions"}],"predecessor-version":[{"id":125080,"href":"https:\/\/casafreitas.pt\/loja\/wp-json\/wp\/v2\/product\/125079\/revisions\/125080"}],"wp:featuredmedia":[{"embeddable":true,"href":"https:\/\/casafreitas.pt\/loja\/wp-json\/wp\/v2\/media\/125078"}],"wp:attachment":[{"href":"https:\/\/casafreitas.pt\/loja\/wp-json\/wp\/v2\/media?parent=125079"}],"wp:term":[{"taxonomy":"product_brand","embeddable":true,"href":"https:\/\/casafreitas.pt\/loja\/wp-json\/wp\/v2\/product_brand?post=125079"},{"taxonomy":"product_cat","embeddable":true,"href":"https:\/\/casafreitas.pt\/loja\/wp-json\/wp\/v2\/product_cat?post=125079"},{"taxonomy":"product_tag","embeddable":true,"href":"https:\/\/casafreitas.pt\/loja\/wp-json\/wp\/v2\/product_tag?post=125079"}],"curies":[{"name":"wp","href":"https:\/\/api.w.org\/{rel}","templated":true}]}}