{"id":125073,"date":"2025-10-07T18:21:32","date_gmt":"2025-10-07T18:21:32","guid":{"rendered":"https:\/\/casafreitas.pt\/loja\/produto\/cortina-led-icicle-lights-240-leds-multifuncoes-luz-quente-para-exteriores-58-m\/"},"modified":"2025-10-24T07:18:56","modified_gmt":"2025-10-24T07:18:56","slug":"cortina-led-icicle-lights-240-leds-multifuncoes-luz-quente-para-exteriores-58-m","status":"publish","type":"product","link":"https:\/\/casafreitas.pt\/loja\/produto\/cortina-led-icicle-lights-240-leds-multifuncoes-luz-quente-para-exteriores-58-m\/","title":{"rendered":"Cortina led icicle lights, 240 leds, multifun\u00e7\u00f5es, luz quente, para exteriores, 5,8 m"},"content":{"rendered":"","protected":false},"excerpt":{"rendered":"<p>Cortina led &#8220;ilumina\u00e7\u00e3o de gelo&#8221; 240 leds, 10 fun\u00e7\u00f5es com efeito de gelo, luz quente, 220 &#8211; 240 v 50\/60 hz, exterior ip44, cabo transparente, dimens\u00e3o da faixa longa: 70 cm, m\u00e9dia: 45 cm, curta: 21,5 cm<\/p>\n","protected":false},"featured_media":125072,"comment_status":"open","ping_status":"closed","template":"","meta":[],"product_brand":[],"product_cat":[17788,18006],"product_tag":[],"class_list":{"0":"post-125073","1":"product","2":"type-product","3":"status-publish","4":"has-post-thumbnail","6":"product_cat-cortinas-flash-intermitentes-icicle-diversos-sazonais","7":"product_cat-diversos-sazonais","9":"first","10":"instock","11":"taxable","12":"shipping-taxable","13":"purchasable","14":"product-type-simple"},"_links":{"self":[{"href":"https:\/\/casafreitas.pt\/loja\/wp-json\/wp\/v2\/product\/125073","targetHints":{"allow":["GET"]}}],"collection":[{"href":"https:\/\/casafreitas.pt\/loja\/wp-json\/wp\/v2\/product"}],"about":[{"href":"https:\/\/casafreitas.pt\/loja\/wp-json\/wp\/v2\/types\/product"}],"replies":[{"embeddable":true,"href":"https:\/\/casafreitas.pt\/loja\/wp-json\/wp\/v2\/comments?post=125073"}],"version-history":[{"count":1,"href":"https:\/\/casafreitas.pt\/loja\/wp-json\/wp\/v2\/product\/125073\/revisions"}],"predecessor-version":[{"id":125074,"href":"https:\/\/casafreitas.pt\/loja\/wp-json\/wp\/v2\/product\/125073\/revisions\/125074"}],"wp:featuredmedia":[{"embeddable":true,"href":"https:\/\/casafreitas.pt\/loja\/wp-json\/wp\/v2\/media\/125072"}],"wp:attachment":[{"href":"https:\/\/casafreitas.pt\/loja\/wp-json\/wp\/v2\/media?parent=125073"}],"wp:term":[{"taxonomy":"product_brand","embeddable":true,"href":"https:\/\/casafreitas.pt\/loja\/wp-json\/wp\/v2\/product_brand?post=125073"},{"taxonomy":"product_cat","embeddable":true,"href":"https:\/\/casafreitas.pt\/loja\/wp-json\/wp\/v2\/product_cat?post=125073"},{"taxonomy":"product_tag","embeddable":true,"href":"https:\/\/casafreitas.pt\/loja\/wp-json\/wp\/v2\/product_tag?post=125073"}],"curies":[{"name":"wp","href":"https:\/\/api.w.org\/{rel}","templated":true}]}}