{"id":125052,"date":"2025-10-07T18:18:11","date_gmt":"2025-10-07T18:18:11","guid":{"rendered":"https:\/\/casafreitas.pt\/loja\/produto\/grinalda-cherry-compact-500-leds-multifuncoes-multicor-exterior-11-m\/"},"modified":"2025-10-24T07:18:55","modified_gmt":"2025-10-24T07:18:55","slug":"grinalda-cherry-compact-500-leds-multifuncoes-multicor-exterior-11-m","status":"publish","type":"product","link":"https:\/\/casafreitas.pt\/loja\/produto\/grinalda-cherry-compact-500-leds-multifuncoes-multicor-exterior-11-m\/","title":{"rendered":"Grinalda &#8220;cherry compact&#8221; 500 leds multifun\u00e7\u00f5es, multicor, exterior, 11 m"},"content":{"rendered":"","protected":false},"excerpt":{"rendered":"<p>Grinalda &#8220;cherry compact&#8221; 500 leds, multicor, 220 &#8211; 240 v 50\/60 hz, ip44 de exterior, 8 fun\u00e7\u00f5es de efeito intermitente, incluindo modo fixo, com controlador de mem\u00f3ria, cabo preto, cabo de alimenta\u00e7\u00e3o de 5 m, dist\u00e2ncia entre a primeira e a \u00faltima l\u00e2mpada de 11 m, l\u00e2mpadas n\u00e3o substitu\u00edveis, comprimento total: 16 m<\/p>\n","protected":false},"featured_media":125051,"comment_status":"open","ping_status":"closed","template":"","meta":[],"product_brand":[],"product_cat":[17805,18006],"product_tag":[],"class_list":{"0":"post-125052","1":"product","2":"type-product","3":"status-publish","4":"has-post-thumbnail","6":"product_cat-guirlandas-multifuncionais-para-exterior-diversos-sazonais","7":"product_cat-diversos-sazonais","9":"first","10":"instock","11":"taxable","12":"shipping-taxable","13":"purchasable","14":"product-type-simple"},"_links":{"self":[{"href":"https:\/\/casafreitas.pt\/loja\/wp-json\/wp\/v2\/product\/125052","targetHints":{"allow":["GET"]}}],"collection":[{"href":"https:\/\/casafreitas.pt\/loja\/wp-json\/wp\/v2\/product"}],"about":[{"href":"https:\/\/casafreitas.pt\/loja\/wp-json\/wp\/v2\/types\/product"}],"replies":[{"embeddable":true,"href":"https:\/\/casafreitas.pt\/loja\/wp-json\/wp\/v2\/comments?post=125052"}],"version-history":[{"count":1,"href":"https:\/\/casafreitas.pt\/loja\/wp-json\/wp\/v2\/product\/125052\/revisions"}],"predecessor-version":[{"id":125053,"href":"https:\/\/casafreitas.pt\/loja\/wp-json\/wp\/v2\/product\/125052\/revisions\/125053"}],"wp:featuredmedia":[{"embeddable":true,"href":"https:\/\/casafreitas.pt\/loja\/wp-json\/wp\/v2\/media\/125051"}],"wp:attachment":[{"href":"https:\/\/casafreitas.pt\/loja\/wp-json\/wp\/v2\/media?parent=125052"}],"wp:term":[{"taxonomy":"product_brand","embeddable":true,"href":"https:\/\/casafreitas.pt\/loja\/wp-json\/wp\/v2\/product_brand?post=125052"},{"taxonomy":"product_cat","embeddable":true,"href":"https:\/\/casafreitas.pt\/loja\/wp-json\/wp\/v2\/product_cat?post=125052"},{"taxonomy":"product_tag","embeddable":true,"href":"https:\/\/casafreitas.pt\/loja\/wp-json\/wp\/v2\/product_tag?post=125052"}],"curies":[{"name":"wp","href":"https:\/\/api.w.org\/{rel}","templated":true}]}}