{"id":125040,"date":"2025-10-07T18:16:09","date_gmt":"2025-10-07T18:16:09","guid":{"rendered":"https:\/\/casafreitas.pt\/loja\/produto\/grinalda-cherry-120-leds-em-tres-tamanhos-luz-quente-exterior-9-m\/"},"modified":"2025-10-24T07:18:55","modified_gmt":"2025-10-24T07:18:55","slug":"grinalda-cherry-120-leds-em-tres-tamanhos-luz-quente-exterior-9-m","status":"publish","type":"product","link":"https:\/\/casafreitas.pt\/loja\/produto\/grinalda-cherry-120-leds-em-tres-tamanhos-luz-quente-exterior-9-m\/","title":{"rendered":"Grinalda &#8220;cherry&#8221; 120 leds em tr\u00eas tamanhos, luz quente, exterior, 9 m"},"content":{"rendered":"","protected":false},"excerpt":{"rendered":"<p>Grinalda &#8220;cherry&#8221; 120 leds em tr\u00eas tamanhos (\u00f814 \/ 19 \/ 24 mm), luz quente, 220 &#8211; 240 v 50\/60 hz, ip44 para ambientes exteriores, cabo preto, cabo de alimenta\u00e7\u00e3o de 5 m, dist\u00e2ncia entre a primeira e a \u00faltima l\u00e2mpada: 9 m. dist\u00e2ncia entre l\u00e2mpadas: 7,5 cm, comprimento total: 14 m<\/p>\n","protected":false},"featured_media":125039,"comment_status":"open","ping_status":"closed","template":"","meta":[],"product_brand":[],"product_cat":[17804,18006],"product_tag":[],"class_list":{"0":"post-125040","1":"product","2":"type-product","3":"status-publish","4":"has-post-thumbnail","6":"product_cat-grinaldas-funcao-fixa-diversos-sazonais","7":"product_cat-diversos-sazonais","9":"first","10":"instock","11":"taxable","12":"shipping-taxable","13":"purchasable","14":"product-type-simple"},"_links":{"self":[{"href":"https:\/\/casafreitas.pt\/loja\/wp-json\/wp\/v2\/product\/125040","targetHints":{"allow":["GET"]}}],"collection":[{"href":"https:\/\/casafreitas.pt\/loja\/wp-json\/wp\/v2\/product"}],"about":[{"href":"https:\/\/casafreitas.pt\/loja\/wp-json\/wp\/v2\/types\/product"}],"replies":[{"embeddable":true,"href":"https:\/\/casafreitas.pt\/loja\/wp-json\/wp\/v2\/comments?post=125040"}],"version-history":[{"count":1,"href":"https:\/\/casafreitas.pt\/loja\/wp-json\/wp\/v2\/product\/125040\/revisions"}],"predecessor-version":[{"id":125041,"href":"https:\/\/casafreitas.pt\/loja\/wp-json\/wp\/v2\/product\/125040\/revisions\/125041"}],"wp:featuredmedia":[{"embeddable":true,"href":"https:\/\/casafreitas.pt\/loja\/wp-json\/wp\/v2\/media\/125039"}],"wp:attachment":[{"href":"https:\/\/casafreitas.pt\/loja\/wp-json\/wp\/v2\/media?parent=125040"}],"wp:term":[{"taxonomy":"product_brand","embeddable":true,"href":"https:\/\/casafreitas.pt\/loja\/wp-json\/wp\/v2\/product_brand?post=125040"},{"taxonomy":"product_cat","embeddable":true,"href":"https:\/\/casafreitas.pt\/loja\/wp-json\/wp\/v2\/product_cat?post=125040"},{"taxonomy":"product_tag","embeddable":true,"href":"https:\/\/casafreitas.pt\/loja\/wp-json\/wp\/v2\/product_tag?post=125040"}],"curies":[{"name":"wp","href":"https:\/\/api.w.org\/{rel}","templated":true}]}}