{"id":124941,"date":"2025-10-07T17:59:25","date_gmt":"2025-10-07T17:59:25","guid":{"rendered":"https:\/\/casafreitas.pt\/loja\/produto\/rolo-toalha-mesa-oleada-decoracao-natal-140-cm-x-25-m\/"},"modified":"2025-10-31T22:21:31","modified_gmt":"2025-10-31T22:21:31","slug":"rolo-toalha-mesa-oleada-decoracao-natal-140-cm-x-25-m","status":"publish","type":"product","link":"https:\/\/casafreitas.pt\/loja\/produto\/rolo-toalha-mesa-oleada-decoracao-natal-140-cm-x-25-m\/","title":{"rendered":"Rolo de toalha de mesa oleada decora\u00e7\u00e3o de natal 140 cm x 25 m"},"content":{"rendered":"","protected":false},"excerpt":{"rendered":"<p>Rolo de toalha de mesa oleada vermelho com motivos de natal, l\u00e2mina de pvc impressa com base de tecido sint\u00e9tico, 100% resistente a manchas, n\u00edvel de impermeabilidade, 140 cm x 25 m<\/p>\n","protected":false},"featured_media":124940,"comment_status":"open","ping_status":"closed","template":"","meta":[],"product_brand":[],"product_cat":[17791,18006],"product_tag":[],"class_list":{"0":"post-124941","1":"product","2":"type-product","3":"status-publish","4":"has-post-thumbnail","6":"product_cat-decoracao-textil-de-natal-diversos-sazonais","7":"product_cat-diversos-sazonais","9":"first","10":"instock","11":"taxable","12":"shipping-taxable","13":"purchasable","14":"product-type-simple"},"_links":{"self":[{"href":"https:\/\/casafreitas.pt\/loja\/wp-json\/wp\/v2\/product\/124941","targetHints":{"allow":["GET"]}}],"collection":[{"href":"https:\/\/casafreitas.pt\/loja\/wp-json\/wp\/v2\/product"}],"about":[{"href":"https:\/\/casafreitas.pt\/loja\/wp-json\/wp\/v2\/types\/product"}],"replies":[{"embeddable":true,"href":"https:\/\/casafreitas.pt\/loja\/wp-json\/wp\/v2\/comments?post=124941"}],"version-history":[{"count":1,"href":"https:\/\/casafreitas.pt\/loja\/wp-json\/wp\/v2\/product\/124941\/revisions"}],"predecessor-version":[{"id":124942,"href":"https:\/\/casafreitas.pt\/loja\/wp-json\/wp\/v2\/product\/124941\/revisions\/124942"}],"wp:featuredmedia":[{"embeddable":true,"href":"https:\/\/casafreitas.pt\/loja\/wp-json\/wp\/v2\/media\/124940"}],"wp:attachment":[{"href":"https:\/\/casafreitas.pt\/loja\/wp-json\/wp\/v2\/media?parent=124941"}],"wp:term":[{"taxonomy":"product_brand","embeddable":true,"href":"https:\/\/casafreitas.pt\/loja\/wp-json\/wp\/v2\/product_brand?post=124941"},{"taxonomy":"product_cat","embeddable":true,"href":"https:\/\/casafreitas.pt\/loja\/wp-json\/wp\/v2\/product_cat?post=124941"},{"taxonomy":"product_tag","embeddable":true,"href":"https:\/\/casafreitas.pt\/loja\/wp-json\/wp\/v2\/product_tag?post=124941"}],"curies":[{"name":"wp","href":"https:\/\/api.w.org\/{rel}","templated":true}]}}