{"id":124708,"date":"2025-10-07T17:19:04","date_gmt":"2025-10-07T17:19:04","guid":{"rendered":"https:\/\/casafreitas.pt\/loja\/produto\/vela-cera-led-branca-o75-x-125-cm\/"},"modified":"2025-10-24T07:18:37","modified_gmt":"2025-10-24T07:18:37","slug":"vela-cera-led-branca-o75-x-125-cm","status":"publish","type":"product","link":"https:\/\/casafreitas.pt\/loja\/produto\/vela-cera-led-branca-o75-x-125-cm\/","title":{"rendered":"Vela de cera led branca, \u00f87,5 x 12,5 cm"},"content":{"rendered":"","protected":false},"excerpt":{"rendered":"<p>Vela de cera led, branca. dimens\u00f5es: \u00f8 7,5 x 12,5 cm. utiliza\u00e7\u00e3o: interna. cor do led: luz quente. com temporizador de 6 horas, autonomia de 250 horas. funciona com 2 pilhas aa (n\u00e3o inclu\u00eddas)<\/p>\n","protected":false},"featured_media":124707,"comment_status":"open","ping_status":"closed","template":"","meta":[],"product_brand":[],"product_cat":[17817,18006],"product_tag":[],"class_list":{"0":"post-124708","1":"product","2":"type-product","3":"status-publish","4":"has-post-thumbnail","6":"product_cat-velas-casticais-lanternas-diversos-sazonais","7":"product_cat-diversos-sazonais","9":"first","10":"instock","11":"taxable","12":"shipping-taxable","13":"purchasable","14":"product-type-simple"},"_links":{"self":[{"href":"https:\/\/casafreitas.pt\/loja\/wp-json\/wp\/v2\/product\/124708","targetHints":{"allow":["GET"]}}],"collection":[{"href":"https:\/\/casafreitas.pt\/loja\/wp-json\/wp\/v2\/product"}],"about":[{"href":"https:\/\/casafreitas.pt\/loja\/wp-json\/wp\/v2\/types\/product"}],"replies":[{"embeddable":true,"href":"https:\/\/casafreitas.pt\/loja\/wp-json\/wp\/v2\/comments?post=124708"}],"version-history":[{"count":1,"href":"https:\/\/casafreitas.pt\/loja\/wp-json\/wp\/v2\/product\/124708\/revisions"}],"predecessor-version":[{"id":124709,"href":"https:\/\/casafreitas.pt\/loja\/wp-json\/wp\/v2\/product\/124708\/revisions\/124709"}],"wp:featuredmedia":[{"embeddable":true,"href":"https:\/\/casafreitas.pt\/loja\/wp-json\/wp\/v2\/media\/124707"}],"wp:attachment":[{"href":"https:\/\/casafreitas.pt\/loja\/wp-json\/wp\/v2\/media?parent=124708"}],"wp:term":[{"taxonomy":"product_brand","embeddable":true,"href":"https:\/\/casafreitas.pt\/loja\/wp-json\/wp\/v2\/product_brand?post=124708"},{"taxonomy":"product_cat","embeddable":true,"href":"https:\/\/casafreitas.pt\/loja\/wp-json\/wp\/v2\/product_cat?post=124708"},{"taxonomy":"product_tag","embeddable":true,"href":"https:\/\/casafreitas.pt\/loja\/wp-json\/wp\/v2\/product_tag?post=124708"}],"curies":[{"name":"wp","href":"https:\/\/api.w.org\/{rel}","templated":true}]}}