{"id":124696,"date":"2025-10-07T17:17:10","date_gmt":"2025-10-07T17:17:10","guid":{"rendered":"https:\/\/casafreitas.pt\/loja\/produto\/aro-halogeno-basculante-embutir-profundo-redondo-preto-o90-x-42-mm\/"},"modified":"2025-10-24T07:18:36","modified_gmt":"2025-10-24T07:18:36","slug":"aro-halogeno-basculante-embutir-profundo-redondo-preto-o90-x-42-mm","status":"publish","type":"product","link":"https:\/\/casafreitas.pt\/loja\/produto\/aro-halogeno-basculante-embutir-profundo-redondo-preto-o90-x-42-mm\/","title":{"rendered":"Aro hal\u00f3geno basculante de embutir, profundo, redondo, preto, \u00f890 x 42 mm"},"content":{"rendered":"","protected":false},"excerpt":{"rendered":"<p>Aro de halog\u00eanio embutido, redondo e profundo, preto, inclin\u00e1vel, \u00f890 x 42 mm; feito de alum\u00ednio, pode acomodar uma l\u00e2mpada gu10 (n\u00e3o inclu\u00edda), inclui um casquilho gu10; \u00e9 basculante o que permite orientar a ilumina\u00e7\u00e3o a uma zona concreta, ip20, di\u00e2metro de corte \u00f885 mm<\/p>\n","protected":false},"featured_media":124695,"comment_status":"open","ping_status":"closed","template":"","meta":[],"product_brand":[],"product_cat":[17938,18008],"product_tag":[13118],"class_list":{"0":"post-124696","1":"product","2":"type-product","3":"status-publish","4":"has-post-thumbnail","6":"product_cat-aros-de-halogenio-iluminacao","7":"product_cat-iluminacao","8":"product_tag-f-line","10":"first","11":"instock","12":"taxable","13":"shipping-taxable","14":"purchasable","15":"product-type-simple"},"_links":{"self":[{"href":"https:\/\/casafreitas.pt\/loja\/wp-json\/wp\/v2\/product\/124696","targetHints":{"allow":["GET"]}}],"collection":[{"href":"https:\/\/casafreitas.pt\/loja\/wp-json\/wp\/v2\/product"}],"about":[{"href":"https:\/\/casafreitas.pt\/loja\/wp-json\/wp\/v2\/types\/product"}],"replies":[{"embeddable":true,"href":"https:\/\/casafreitas.pt\/loja\/wp-json\/wp\/v2\/comments?post=124696"}],"version-history":[{"count":1,"href":"https:\/\/casafreitas.pt\/loja\/wp-json\/wp\/v2\/product\/124696\/revisions"}],"predecessor-version":[{"id":124697,"href":"https:\/\/casafreitas.pt\/loja\/wp-json\/wp\/v2\/product\/124696\/revisions\/124697"}],"wp:featuredmedia":[{"embeddable":true,"href":"https:\/\/casafreitas.pt\/loja\/wp-json\/wp\/v2\/media\/124695"}],"wp:attachment":[{"href":"https:\/\/casafreitas.pt\/loja\/wp-json\/wp\/v2\/media?parent=124696"}],"wp:term":[{"taxonomy":"product_brand","embeddable":true,"href":"https:\/\/casafreitas.pt\/loja\/wp-json\/wp\/v2\/product_brand?post=124696"},{"taxonomy":"product_cat","embeddable":true,"href":"https:\/\/casafreitas.pt\/loja\/wp-json\/wp\/v2\/product_cat?post=124696"},{"taxonomy":"product_tag","embeddable":true,"href":"https:\/\/casafreitas.pt\/loja\/wp-json\/wp\/v2\/product_tag?post=124696"}],"curies":[{"name":"wp","href":"https:\/\/api.w.org\/{rel}","templated":true}]}}