{"id":124687,"date":"2025-10-07T17:15:46","date_gmt":"2025-10-07T17:15:46","guid":{"rendered":"https:\/\/casafreitas.pt\/loja\/produto\/comando-mini-portatil-branco-para-ref-30159-o43-x-17-mm\/"},"modified":"2025-10-24T07:18:36","modified_gmt":"2025-10-24T07:18:36","slug":"comando-mini-portatil-branco-para-ref-30159-o43-x-17-mm","status":"publish","type":"product","link":"https:\/\/casafreitas.pt\/loja\/produto\/comando-mini-portatil-branco-para-ref-30159-o43-x-17-mm\/","title":{"rendered":"Comando mini port\u00e1til branco para ref 30159, \u00f843 x 17 mm"},"content":{"rendered":"","protected":false},"excerpt":{"rendered":"<p>Comando mini port\u00e1til branco para ref 30159, \u00f843 x 17 mm, sem fios 30 metros sem barreiras, indicador luminoso led, usa pilhas cr2032, fixa\u00e7\u00e3o magn\u00e9tica<\/p>\n","protected":false},"featured_media":124686,"comment_status":"open","ping_status":"closed","template":"","meta":[],"product_brand":[],"product_cat":[17970,18008],"product_tag":[12919],"class_list":{"0":"post-124687","1":"product","2":"type-product","3":"status-publish","4":"has-post-thumbnail","6":"product_cat-tiras-led-e-acessorios-iluminacao-2","7":"product_cat-iluminacao","8":"product_tag-fbright","10":"first","11":"instock","12":"taxable","13":"shipping-taxable","14":"purchasable","15":"product-type-simple"},"_links":{"self":[{"href":"https:\/\/casafreitas.pt\/loja\/wp-json\/wp\/v2\/product\/124687","targetHints":{"allow":["GET"]}}],"collection":[{"href":"https:\/\/casafreitas.pt\/loja\/wp-json\/wp\/v2\/product"}],"about":[{"href":"https:\/\/casafreitas.pt\/loja\/wp-json\/wp\/v2\/types\/product"}],"replies":[{"embeddable":true,"href":"https:\/\/casafreitas.pt\/loja\/wp-json\/wp\/v2\/comments?post=124687"}],"version-history":[{"count":1,"href":"https:\/\/casafreitas.pt\/loja\/wp-json\/wp\/v2\/product\/124687\/revisions"}],"predecessor-version":[{"id":124688,"href":"https:\/\/casafreitas.pt\/loja\/wp-json\/wp\/v2\/product\/124687\/revisions\/124688"}],"wp:featuredmedia":[{"embeddable":true,"href":"https:\/\/casafreitas.pt\/loja\/wp-json\/wp\/v2\/media\/124686"}],"wp:attachment":[{"href":"https:\/\/casafreitas.pt\/loja\/wp-json\/wp\/v2\/media?parent=124687"}],"wp:term":[{"taxonomy":"product_brand","embeddable":true,"href":"https:\/\/casafreitas.pt\/loja\/wp-json\/wp\/v2\/product_brand?post=124687"},{"taxonomy":"product_cat","embeddable":true,"href":"https:\/\/casafreitas.pt\/loja\/wp-json\/wp\/v2\/product_cat?post=124687"},{"taxonomy":"product_tag","embeddable":true,"href":"https:\/\/casafreitas.pt\/loja\/wp-json\/wp\/v2\/product_tag?post=124687"}],"curies":[{"name":"wp","href":"https:\/\/api.w.org\/{rel}","templated":true}]}}