{"id":124681,"date":"2025-10-07T17:14:50","date_gmt":"2025-10-07T17:14:50","guid":{"rendered":"https:\/\/casafreitas.pt\/loja\/produto\/regulador-rf-triac-pastilha-todo-tipo-luminarias-15-a-100-360-w-100-240-v-o52-x-26-mm\/"},"modified":"2025-10-24T07:18:36","modified_gmt":"2025-10-24T07:18:36","slug":"regulador-rf-triac-pastilha-todo-tipo-luminarias-15-a-100-360-w-100-240-v-o52-x-26-mm","status":"publish","type":"product","link":"https:\/\/casafreitas.pt\/loja\/produto\/regulador-rf-triac-pastilha-todo-tipo-luminarias-15-a-100-360-w-100-240-v-o52-x-26-mm\/","title":{"rendered":"Regulador rf triac pastilha, todo o tipo de lumin\u00e1rias, 1,5 a, 100 &#8211; 360 w, 100 &#8211; 240 v, \u00f852 x 26 mm"},"content":{"rendered":"","protected":false},"excerpt":{"rendered":"<p>Regulador rf triac pastilha, todo o tipo de lumin\u00e1rias, 1,5 a, 100 &#8211; 360 w, 100 &#8211; 240 v, \u00f852 x 26 mm. \u00e9 um regulador rf que pode ser configurado para operar no princ\u00edpio ou no fim da fase, adaptando-se \u00e0s necessidades de diferentes tipos de lumin\u00e1rias, ajuste m\u00ednima luminosidade, com bot\u00e3o (opcional), instala\u00e7\u00e3o em caixa universal, interruptor para troca de regula\u00e7\u00e3o princ\u00edpio ou fim da fase, pode ser utilizado com bot\u00f5es, reguladores ou comandos, 256 n\u00edveis de regula\u00e7\u00e3o, comando 30m dist\u00e2ncia 2,4 ghz. compat\u00edvel com os comandos ref. 30160 e 30161<\/p>\n","protected":false},"featured_media":124680,"comment_status":"open","ping_status":"closed","template":"","meta":[],"product_brand":[],"product_cat":[17970,18008],"product_tag":[12919],"class_list":{"0":"post-124681","1":"product","2":"type-product","3":"status-publish","4":"has-post-thumbnail","6":"product_cat-tiras-led-e-acessorios-iluminacao-2","7":"product_cat-iluminacao","8":"product_tag-fbright","10":"first","11":"instock","12":"taxable","13":"shipping-taxable","14":"purchasable","15":"product-type-simple"},"_links":{"self":[{"href":"https:\/\/casafreitas.pt\/loja\/wp-json\/wp\/v2\/product\/124681","targetHints":{"allow":["GET"]}}],"collection":[{"href":"https:\/\/casafreitas.pt\/loja\/wp-json\/wp\/v2\/product"}],"about":[{"href":"https:\/\/casafreitas.pt\/loja\/wp-json\/wp\/v2\/types\/product"}],"replies":[{"embeddable":true,"href":"https:\/\/casafreitas.pt\/loja\/wp-json\/wp\/v2\/comments?post=124681"}],"version-history":[{"count":1,"href":"https:\/\/casafreitas.pt\/loja\/wp-json\/wp\/v2\/product\/124681\/revisions"}],"predecessor-version":[{"id":124682,"href":"https:\/\/casafreitas.pt\/loja\/wp-json\/wp\/v2\/product\/124681\/revisions\/124682"}],"wp:featuredmedia":[{"embeddable":true,"href":"https:\/\/casafreitas.pt\/loja\/wp-json\/wp\/v2\/media\/124680"}],"wp:attachment":[{"href":"https:\/\/casafreitas.pt\/loja\/wp-json\/wp\/v2\/media?parent=124681"}],"wp:term":[{"taxonomy":"product_brand","embeddable":true,"href":"https:\/\/casafreitas.pt\/loja\/wp-json\/wp\/v2\/product_brand?post=124681"},{"taxonomy":"product_cat","embeddable":true,"href":"https:\/\/casafreitas.pt\/loja\/wp-json\/wp\/v2\/product_cat?post=124681"},{"taxonomy":"product_tag","embeddable":true,"href":"https:\/\/casafreitas.pt\/loja\/wp-json\/wp\/v2\/product_tag?post=124681"}],"curies":[{"name":"wp","href":"https:\/\/api.w.org\/{rel}","templated":true}]}}