{"id":124654,"date":"2025-10-07T17:10:33","date_gmt":"2025-10-07T17:10:33","guid":{"rendered":"https:\/\/casafreitas.pt\/loja\/produto\/lampada-led-g100-halo-decorativa-para-exterior-e27-4-w-200-lm-1800-k-luz-quente-o102-x-190-mm\/"},"modified":"2025-10-24T07:18:35","modified_gmt":"2025-10-24T07:18:35","slug":"lampada-led-g100-halo-decorativa-para-exterior-e27-4-w-200-lm-1800-k-luz-quente-o102-x-190-mm","status":"publish","type":"product","link":"https:\/\/casafreitas.pt\/loja\/produto\/lampada-led-g100-halo-decorativa-para-exterior-e27-4-w-200-lm-1800-k-luz-quente-o102-x-190-mm\/","title":{"rendered":"L\u00e2mpada led g100 halo decorativa para exterior e27 4 w 200 lm 1800 k luz quente \u00f8102 x 190 mm"},"content":{"rendered":"","protected":false},"excerpt":{"rendered":"<p>L\u00e2mpada led g100 halo decorativa exterior, e27 4 w 220 lm 1800 k, 220 &#8211; 240 v ~50\/60 hz, luz quente, \u00f8102 x 190 mm, vintage em forma de halo com filamento led g125 em forma circular, fabricada em vidro dourado, vida \u00fatil 20000 h, n\u00e3o regul\u00e1vel, fluxo luminoso 360\u00b0, \u00e2ngulo de abertura 320\u00b0, o vidro exterior pode ser removido se o desenroscar<\/p>\n","protected":false},"featured_media":124653,"comment_status":"open","ping_status":"closed","template":"","meta":[],"product_brand":[],"product_cat":[17590,18004],"product_tag":[12919],"class_list":{"0":"post-124654","1":"product","2":"type-product","3":"status-publish","4":"has-post-thumbnail","6":"product_cat-lampadas-filamento-led-construcao","7":"product_cat-construcao","8":"product_tag-fbright","10":"first","11":"instock","12":"taxable","13":"shipping-taxable","14":"purchasable","15":"product-type-simple"},"_links":{"self":[{"href":"https:\/\/casafreitas.pt\/loja\/wp-json\/wp\/v2\/product\/124654","targetHints":{"allow":["GET"]}}],"collection":[{"href":"https:\/\/casafreitas.pt\/loja\/wp-json\/wp\/v2\/product"}],"about":[{"href":"https:\/\/casafreitas.pt\/loja\/wp-json\/wp\/v2\/types\/product"}],"replies":[{"embeddable":true,"href":"https:\/\/casafreitas.pt\/loja\/wp-json\/wp\/v2\/comments?post=124654"}],"version-history":[{"count":1,"href":"https:\/\/casafreitas.pt\/loja\/wp-json\/wp\/v2\/product\/124654\/revisions"}],"predecessor-version":[{"id":124655,"href":"https:\/\/casafreitas.pt\/loja\/wp-json\/wp\/v2\/product\/124654\/revisions\/124655"}],"wp:featuredmedia":[{"embeddable":true,"href":"https:\/\/casafreitas.pt\/loja\/wp-json\/wp\/v2\/media\/124653"}],"wp:attachment":[{"href":"https:\/\/casafreitas.pt\/loja\/wp-json\/wp\/v2\/media?parent=124654"}],"wp:term":[{"taxonomy":"product_brand","embeddable":true,"href":"https:\/\/casafreitas.pt\/loja\/wp-json\/wp\/v2\/product_brand?post=124654"},{"taxonomy":"product_cat","embeddable":true,"href":"https:\/\/casafreitas.pt\/loja\/wp-json\/wp\/v2\/product_cat?post=124654"},{"taxonomy":"product_tag","embeddable":true,"href":"https:\/\/casafreitas.pt\/loja\/wp-json\/wp\/v2\/product_tag?post=124654"}],"curies":[{"name":"wp","href":"https:\/\/api.w.org\/{rel}","templated":true}]}}