{"id":124621,"date":"2025-10-07T17:05:24","date_gmt":"2025-10-07T17:05:24","guid":{"rendered":"https:\/\/casafreitas.pt\/loja\/produto\/lampada-led-s135-decorativa-ambar-e27-4-w-200-lm-1800-k-luz-quente-o135-x-225-mm\/"},"modified":"2025-10-24T07:18:33","modified_gmt":"2025-10-24T07:18:33","slug":"lampada-led-s135-decorativa-ambar-e27-4-w-200-lm-1800-k-luz-quente-o135-x-225-mm","status":"publish","type":"product","link":"https:\/\/casafreitas.pt\/loja\/produto\/lampada-led-s135-decorativa-ambar-e27-4-w-200-lm-1800-k-luz-quente-o135-x-225-mm\/","title":{"rendered":"L\u00e2mpada led s135 decorativa \u00e2mbar e27 4 w 200 lm 1800 k luz quente \u00f8135 x 225 mm"},"content":{"rendered":"","protected":false},"excerpt":{"rendered":"<p>L\u00e2mpada led s135 decorativa \u00e2mbar e27, 4 w, 200 lm, 1800 k, luz quente, 220-240 v 50-60 hz, \u00f8135 x 225 mm, filamento \u00e2mbar imita\u00e7\u00e3o vintage, tamanho grande, feita de vidro dourado esculpido na base, cont\u00e9m um tubo de metacrilato gravado a laser iluminado com led smd oculto dentro do casquilho, vida \u00fatil de 20.000 h, n\u00e3o regul\u00e1vel, fluxo luminoso 360\u00b0<\/p>\n","protected":false},"featured_media":124620,"comment_status":"open","ping_status":"closed","template":"","meta":[],"product_brand":[],"product_cat":[17590,18004],"product_tag":[12919],"class_list":{"0":"post-124621","1":"product","2":"type-product","3":"status-publish","4":"has-post-thumbnail","6":"product_cat-lampadas-filamento-led-construcao","7":"product_cat-construcao","8":"product_tag-fbright","10":"first","11":"instock","12":"taxable","13":"shipping-taxable","14":"purchasable","15":"product-type-simple"},"_links":{"self":[{"href":"https:\/\/casafreitas.pt\/loja\/wp-json\/wp\/v2\/product\/124621","targetHints":{"allow":["GET"]}}],"collection":[{"href":"https:\/\/casafreitas.pt\/loja\/wp-json\/wp\/v2\/product"}],"about":[{"href":"https:\/\/casafreitas.pt\/loja\/wp-json\/wp\/v2\/types\/product"}],"replies":[{"embeddable":true,"href":"https:\/\/casafreitas.pt\/loja\/wp-json\/wp\/v2\/comments?post=124621"}],"version-history":[{"count":1,"href":"https:\/\/casafreitas.pt\/loja\/wp-json\/wp\/v2\/product\/124621\/revisions"}],"predecessor-version":[{"id":124622,"href":"https:\/\/casafreitas.pt\/loja\/wp-json\/wp\/v2\/product\/124621\/revisions\/124622"}],"wp:featuredmedia":[{"embeddable":true,"href":"https:\/\/casafreitas.pt\/loja\/wp-json\/wp\/v2\/media\/124620"}],"wp:attachment":[{"href":"https:\/\/casafreitas.pt\/loja\/wp-json\/wp\/v2\/media?parent=124621"}],"wp:term":[{"taxonomy":"product_brand","embeddable":true,"href":"https:\/\/casafreitas.pt\/loja\/wp-json\/wp\/v2\/product_brand?post=124621"},{"taxonomy":"product_cat","embeddable":true,"href":"https:\/\/casafreitas.pt\/loja\/wp-json\/wp\/v2\/product_cat?post=124621"},{"taxonomy":"product_tag","embeddable":true,"href":"https:\/\/casafreitas.pt\/loja\/wp-json\/wp\/v2\/product_tag?post=124621"}],"curies":[{"name":"wp","href":"https:\/\/api.w.org\/{rel}","templated":true}]}}