{"id":124609,"date":"2025-10-07T17:03:32","date_gmt":"2025-10-07T17:03:32","guid":{"rendered":"https:\/\/casafreitas.pt\/loja\/produto\/lampada-led-2g11-4-pinos-20-w-1700-lm-6500-k-luz-fria-230-v-direto-rede-410-x-44-x-23-mm\/"},"modified":"2025-10-24T07:18:32","modified_gmt":"2025-10-24T07:18:32","slug":"lampada-led-2g11-4-pinos-20-w-1700-lm-6500-k-luz-fria-230-v-direto-rede-410-x-44-x-23-mm","status":"publish","type":"product","link":"https:\/\/casafreitas.pt\/loja\/produto\/lampada-led-2g11-4-pinos-20-w-1700-lm-6500-k-luz-fria-230-v-direto-rede-410-x-44-x-23-mm\/","title":{"rendered":"L\u00e2mpada led 2g11 4 pinos 20 w 1700 lm 6500 k luz fria, 230 v direto \u00e0 rede, 410 x 44 x 23 mm"},"content":{"rendered":"","protected":false},"excerpt":{"rendered":"<p>L\u00e2mpada led 2g11 4-pinos 20 w 1700 lm 6500 k luz fria, 220-230 v 50-60 hz, conectar diretamente \u00e0 rede, vida \u00fatil 25000 h, n\u00e3o regul\u00e1vel, fluxo luminoso 360\u00b0, \u00e2ngulo de abertura 180\u00b0, classe energ\u00e9tica f , equival\u00eancia 110w; 410 x 44 x 23 mm<\/p>\n","protected":false},"featured_media":124608,"comment_status":"open","ping_status":"closed","template":"","meta":[],"product_brand":[],"product_cat":[17596,18004],"product_tag":[12919],"class_list":{"0":"post-124609","1":"product","2":"type-product","3":"status-publish","4":"has-post-thumbnail","6":"product_cat-led-linear-g24-construcao","7":"product_cat-construcao","8":"product_tag-fbright","10":"first","11":"instock","12":"taxable","13":"shipping-taxable","14":"purchasable","15":"product-type-simple"},"_links":{"self":[{"href":"https:\/\/casafreitas.pt\/loja\/wp-json\/wp\/v2\/product\/124609","targetHints":{"allow":["GET"]}}],"collection":[{"href":"https:\/\/casafreitas.pt\/loja\/wp-json\/wp\/v2\/product"}],"about":[{"href":"https:\/\/casafreitas.pt\/loja\/wp-json\/wp\/v2\/types\/product"}],"replies":[{"embeddable":true,"href":"https:\/\/casafreitas.pt\/loja\/wp-json\/wp\/v2\/comments?post=124609"}],"version-history":[{"count":1,"href":"https:\/\/casafreitas.pt\/loja\/wp-json\/wp\/v2\/product\/124609\/revisions"}],"predecessor-version":[{"id":124610,"href":"https:\/\/casafreitas.pt\/loja\/wp-json\/wp\/v2\/product\/124609\/revisions\/124610"}],"wp:featuredmedia":[{"embeddable":true,"href":"https:\/\/casafreitas.pt\/loja\/wp-json\/wp\/v2\/media\/124608"}],"wp:attachment":[{"href":"https:\/\/casafreitas.pt\/loja\/wp-json\/wp\/v2\/media?parent=124609"}],"wp:term":[{"taxonomy":"product_brand","embeddable":true,"href":"https:\/\/casafreitas.pt\/loja\/wp-json\/wp\/v2\/product_brand?post=124609"},{"taxonomy":"product_cat","embeddable":true,"href":"https:\/\/casafreitas.pt\/loja\/wp-json\/wp\/v2\/product_cat?post=124609"},{"taxonomy":"product_tag","embeddable":true,"href":"https:\/\/casafreitas.pt\/loja\/wp-json\/wp\/v2\/product_tag?post=124609"}],"curies":[{"name":"wp","href":"https:\/\/api.w.org\/{rel}","templated":true}]}}